{"id":153,"date":"2023-08-15T09:50:22","date_gmt":"2023-08-15T06:50:22","guid":{"rendered":"http:\/\/westhealth.inolyzer.site\/?page_id=153"},"modified":"2024-01-22T16:42:26","modified_gmt":"2024-01-22T13:42:26","slug":"about-us","status":"publish","type":"page","link":"https:\/\/westhealth.com.tr\/tr\/about-us\/","title":{"rendered":"Hakk\u0131m\u0131zda"},"content":{"rendered":"<section class=\"wpb-content-wrapper\"><section class=\"vc_section vc_custom_1691677673691 vc_section-has-fill wd-rs-64d4f3e766220 wd-section-stretch\"><div class=\"vc_row wpb_row vc_row-fluid vc_row-o-equal-height vc_row-o-content-middle vc_row-flex wd-rs-64d4f30e5d382\"><div class=\"wpb_column vc_column_container vc_col-sm-6\"><div class=\"vc_column-inner\"><div class=\"wpb_wrapper\">\t\t\t<link rel=\"stylesheet\" id=\"wd-section-title-css\" href=\"https:\/\/westhealth.com.tr\/wp-content\/themes\/woodmart\/css\/parts\/el-section-title.min.css?ver=7.2.5\" type=\"text\/css\" media=\"all\" \/> \t\t\t\t\t\t<link rel=\"stylesheet\" id=\"wd-mod-highlighted-text-css\" href=\"https:\/\/westhealth.com.tr\/wp-content\/themes\/woodmart\/css\/parts\/mod-highlighted-text.min.css?ver=7.2.5\" type=\"text\/css\" media=\"all\" \/> \t\t\t\n\t\t<div id=\"wd-64d4f3de02154\" class=\"title-wrapper wd-wpb set-mb-s reset-last-child  wd-rs-64d4f3de02154 wd-title-color-default wd-title-style-default text-left titles  wd-underline-colored\">\n\t\t\t\t\t\t\t<div class=\"title-subtitle  subtitle-color-default font-default subtitle-style-default wd-font-weight-600 wd-fontsize-xs\">Hakk\u0131m\u0131zda<\/div>\n\t\t\t\n\t\t\t<div class=\"liner-continer\">\n\t\t\t\t<h2 class=\"woodmart-title-container title  wd-font-weight-500 wd-fontsize-l\" >West <strong>Health<\/strong><\/h2>\n\t\t\t\t\t\t\t<\/div>\n\t\t\t\n\t\t\t\n\t\t\t\n\t\t<\/div>\n\t\t\n\t\t\n\t<div class=\"wpb_text_column wpb_content_element\" >\n\t\t<div class=\"wpb_wrapper\">\n\t\t\t<p>\u0130stanbul'un her iki yakas\u0131nda da faaliyet g\u00f6steren ba\u015far\u0131l\u0131 bir sa\u011fl\u0131k kurulu\u015fu olan West Health, kuruldu\u011fu 2013 y\u0131l\u0131ndan bu yana hastalar\u0131na geni\u015f bir hizmet yelpazesi sunmaktad\u0131r. Uluslararas\u0131 akreditasyona sahip hastanelerde ve d\u00fczenli de\u011ferlendirmelerden ge\u00e7en \u0130stanbul'daki titiz bir cerrah se\u00e7kisi taraf\u0131ndan y\u00fcr\u00fct\u00fclen birinci s\u0131n\u0131f tedaviler sa\u011flamaktan gurur duyuyoruz.<\/p>\n<p>Taahh\u00fcd\u00fcm\u00fcz tedavinin \u00f6tesine uzan\u0131yor; tedavi s\u00fcreci \u00f6ncesinde, s\u0131ras\u0131nda ve sonras\u0131nda ihtiya\u00e7lar\u0131n\u0131z\u0131n t\u00fcm yelpazesini kaps\u0131yoruz. West Health'te kapsaml\u0131 bak\u0131m\u0131n her \u015feyden \u00f6nemli oldu\u011funu biliyoruz. Deneyimli ve kendini i\u015fine adam\u0131\u015f ekibimiz, sa\u011fl\u0131k yolculu\u011funuzu sorunsuz, konforlu ve istikrarl\u0131 hale getirmeyi ama\u00e7layarak her ad\u0131mda yan\u0131n\u0131zdad\u0131r.<\/p>\n\n\t\t<\/div>\n\t<\/div>\n<\/div><\/div><\/div><div class=\"wpb_column vc_column_container vc_col-sm-6\"><div class=\"vc_column-inner\"><div class=\"wpb_wrapper\">\n\t<div  class=\"wpb_single_image wpb_content_element vc_align_left\">\n\t\t\n\t\t<figure class=\"wpb_wrapper vc_figure\">\n\t\t\t<div class=\"vc_single_image-wrapper   vc_box_border_grey\"><img decoding=\"async\" src=\"https:\/\/westhealth.com.tr\/wp-content\/uploads\/2023\/08\/about-img.svg\" class=\"vc_single_image-img attachment-full\" alt=\"\" title=\"about-img\" \/><\/div>\n\t\t<\/figure>\n\t<\/div>\n<\/div><\/div><\/div><div class=\"wpb_column vc_column_container vc_col-sm-12\"><div class=\"vc_column-inner\"><div class=\"wpb_wrapper\">\n\t<div class=\"wpb_text_column wpb_content_element\" >\n\t\t<div class=\"wpb_wrapper\">\n\t\t\t<p><strong>2013'ten Bu Yana Yolculu\u011fumuz:<\/strong> 2013 y\u0131l\u0131nda kurulan West Health, \u0130stanbul'da sa\u011fl\u0131k hizmeti standartlar\u0131n\u0131 yeniden tan\u0131mlama misyonuyla yola \u00e7\u0131kt\u0131. Y\u0131llar i\u00e7inde hastalar\u0131m\u0131z\u0131n beklentilerini kar\u015f\u0131lamakla kalmay\u0131p a\u015ft\u0131k ve m\u00fckemmelli\u011fe olan sars\u0131lmaz ba\u011fl\u0131l\u0131\u011f\u0131m\u0131zla g\u00fcven kazand\u0131k.<\/p>\n<p>Uluslararas\u0131 akreditasyona sahip hastanelerle i\u015fbirli\u011fi yapt\u0131\u011f\u0131m\u0131z i\u00e7in sa\u011fl\u0131\u011f\u0131n\u0131z\u0131n emin ellerde oldu\u011fundan emin olabilirsiniz. Bu stratejik ittifak, hastalar\u0131m\u0131z\u0131n t\u0131p bilimindeki en son geli\u015fmeleri i\u00e7eren en y\u00fcksek standartta tedaviler almas\u0131n\u0131 sa\u011flamaktad\u0131r. Uzmanl\u0131klar\u0131 ve adanm\u0131\u015fl\u0131klar\u0131 i\u00e7in \u00f6zenle se\u00e7ilen cerrahlar\u0131m\u0131z, kaliteli sa\u011fl\u0131k hizmeti taahh\u00fcd\u00fcm\u00fcz\u00fcn bel kemi\u011fini olu\u015fturmaktad\u0131r. D\u00fczenli de\u011ferlendirmeler, West Health taraf\u0131ndan belirlenen kat\u0131 standartlar\u0131 s\u00fcrekli olarak kar\u015f\u0131lamalar\u0131n\u0131 ve a\u015fmalar\u0131n\u0131 sa\u011flar. Sa\u011fl\u0131k hizmetlerinin t\u0131bbi prosed\u00fcrlerin s\u0131n\u0131rlar\u0131n\u0131n \u00f6tesine ge\u00e7ti\u011finin fark\u0131nday\u0131z. Hizmetlerimiz yaln\u0131zca tedavi s\u00fcrecini de\u011fil, ayn\u0131 zamanda tedaviniz \u00f6ncesinde, s\u0131ras\u0131nda ve sonras\u0131nda sahip olabilece\u011finiz t\u00fcm gereksinimleri kar\u015f\u0131layacak \u015fekilde tasarlanm\u0131\u015ft\u0131r. Sa\u011fl\u0131\u011f\u0131n\u0131z her a\u015famada \u00f6nceli\u011fimizdir.<\/p>\n<p>West Health'in arkas\u0131nda, adanm\u0131\u015fl\u0131klar\u0131 sars\u0131lmayan deneyimli profesyonellerden olu\u015fan bir ekip bulunmaktad\u0131r. \u0130stikrarl\u0131 ekibimiz sadece bir grup sa\u011fl\u0131k hizmeti sa\u011flay\u0131c\u0131s\u0131 de\u011fildir; sorunsuz ve istikrarl\u0131 bir deneyim sa\u011flamak i\u00e7in destek ve rehberlik sunan sa\u011fl\u0131k yolculu\u011funuzun ortaklar\u0131y\u0131z. West Health'i se\u00e7mek, sa\u011fl\u0131\u011f\u0131n\u0131za, rahat\u0131n\u0131za ve istikrar\u0131n\u0131za \u00f6ncelik veren bir sa\u011fl\u0131k orta\u011f\u0131 se\u00e7mek anlam\u0131na gelir. Sa\u011fl\u0131k yolculu\u011funuzun her alan\u0131nda m\u00fckemmellik sunmaya kararl\u0131y\u0131z. Sa\u011fl\u0131k ihtiya\u00e7lar\u0131n\u0131z i\u00e7in West Health'i d\u00fc\u015f\u00fcnd\u00fc\u011f\u00fcn\u00fcz i\u00e7in te\u015fekk\u00fcr ederiz.<\/p>\n\n\t\t<\/div>\n\t<\/div>\n<div class=\"vc_btn3-container btn_green vc_btn3-left\" ><a class=\"vc_general vc_btn3 vc_btn3-size-md vc_btn3-shape-rounded vc_btn3-style-modern vc_btn3-color-grey\" href=\"\/tr\/treatments\/\" title=\"\">Tedaviler<\/a><\/div><\/div><\/div><\/div><\/div><\/section><section class=\"vc_section\"><div class=\"vc_row wpb_row vc_row-fluid\"><div class=\"wpb_column vc_column_container vc_col-sm-12\"><div class=\"vc_column-inner\"><div class=\"wpb_wrapper\">\n\t<div class=\"wpb_raw_code wpb_content_element wpb_raw_html short_p\" >\n\t\t<div class=\"wpb_wrapper\">\n\t\t\t<div>\u201cT\u00fcrkiye'de \u0130leri Sa\u011fl\u0131k Hizmetleri ve \u00c7\u00f6z\u00fcmleri.\u201d<\/div>\n\t\t<\/div>\n\t<\/div>\n\t\t\t<link rel=\"stylesheet\" id=\"wd-photoswipe-css\" href=\"https:\/\/westhealth.com.tr\/wp-content\/themes\/woodmart\/css\/parts\/lib-photoswipe.min.css?ver=7.2.5\" type=\"text\/css\" media=\"all\" \/> \t\t\t\t\t\t<link rel=\"stylesheet\" id=\"wd-owl-carousel-css\" href=\"https:\/\/westhealth.com.tr\/wp-content\/themes\/woodmart\/css\/parts\/lib-owl-carousel.min.css?ver=7.2.5\" type=\"text\/css\" media=\"all\" \/> \t\t\t\t\t\t<link rel=\"stylesheet\" id=\"wd-image-gallery-css\" href=\"https:\/\/westhealth.com.tr\/wp-content\/themes\/woodmart\/css\/parts\/el-gallery.min.css?ver=7.2.5\" type=\"text\/css\" media=\"all\" \/> \t\t\t\t\t<div id=\"gallery_417\" class=\"wd-images-gallery wd-rs-64ddc696d7510 wd-justify-center wd-items-middle logo-slider view-carousel photoswipe-images wd-carousel-spacing-10 wd-carousel-container\" data-owl-carousel data-wrap=\"no\" data-hide_pagination_control=\"no\" data-hide_prev_next_buttons=\"no\" data-desktop=\"4\" data-tablet_landscape=\"4\" data-tablet=\"3\" data-mobile=\"1\">\n\t\t\t<div class=\"gallery-images owl-carousel wd-owl owl-items-lg-4 owl-items-md-4 owl-items-sm-3 owl-items-xs-1\">\n\t\t\t\t\t\t\t\t\t\t\t\t\t\t\t<div class=\"wd-gallery-item\">\n\t\t\t\t\t\t\t\t\t\t\t\t\t\t<a href=\"https:\/\/westhealth.com.tr\/wp-content\/uploads\/2023\/08\/academic-icon.png\" data-elementor-open-lightbox=\"no\" data-index=\"1\" data-width=\"183\" data-height=\"33\"  >\n\t\t\t\t\t\t\t\t\n\t\t\t\t\t\t\t\t\t\t\t\t\t\t\t\t\t<img decoding=\"async\" width=\"183\" height=\"33\" src=\"https:\/\/westhealth.com.tr\/wp-content\/uploads\/2023\/08\/academic-icon.png\" class=\"wd-gallery-image image-1 attachment-full\" alt=\"\" title=\"academic-icon\" \/>\t\t\t\t\t\t\t\t\n\n\t\t\t\t\t\t\t\t\t\t\t\t\t\t\t<\/a>\n\t\t\t\t\t\t\t\t\t\t\t\t<\/div>\n\t\t\t\t\t\t\t\t\t\t\t<div class=\"wd-gallery-item\">\n\t\t\t\t\t\t\t\t\t\t\t\t\t\t<a href=\"https:\/\/westhealth.com.tr\/wp-content\/uploads\/2023\/08\/acibadem-icon.png\" data-elementor-open-lightbox=\"no\" data-index=\"2\" data-width=\"224\" data-height=\"27\"  >\n\t\t\t\t\t\t\t\t\n\t\t\t\t\t\t\t\t\t\t\t\t\t\t\t\t\t<img decoding=\"async\" width=\"224\" height=\"27\" src=\"https:\/\/westhealth.com.tr\/wp-content\/uploads\/2023\/08\/acibadem-icon.png\" class=\"wd-gallery-image image-2 attachment-full\" alt=\"\" title=\"acibadem-icon\" \/>\t\t\t\t\t\t\t\t\n\n\t\t\t\t\t\t\t\t\t\t\t\t\t\t\t<\/a>\n\t\t\t\t\t\t\t\t\t\t\t\t<\/div>\n\t\t\t\t\t\t\t\t\t\t\t<div class=\"wd-gallery-item\">\n\t\t\t\t\t\t\t\t\t\t\t\t\t\t<a href=\"https:\/\/westhealth.com.tr\/wp-content\/uploads\/2023\/08\/memorial-icon.png\" data-elementor-open-lightbox=\"no\" data-index=\"3\" data-width=\"188\" data-height=\"27\"  >\n\t\t\t\t\t\t\t\t\n\t\t\t\t\t\t\t\t\t\t\t\t\t\t\t\t\t<img decoding=\"async\" width=\"188\" height=\"27\" src=\"https:\/\/westhealth.com.tr\/wp-content\/uploads\/2023\/08\/memorial-icon.png\" class=\"wd-gallery-image image-3 attachment-full\" alt=\"\" title=\"memorial-icon\" \/>\t\t\t\t\t\t\t\t\n\n\t\t\t\t\t\t\t\t\t\t\t\t\t\t\t<\/a>\n\t\t\t\t\t\t\t\t\t\t\t\t<\/div>\n\t\t\t\t\t\t\t\t\t\t\t<div class=\"wd-gallery-item\">\n\t\t\t\t\t\t\t\t\t\t\t\t\t\t<a href=\"https:\/\/westhealth.com.tr\/wp-content\/uploads\/2023\/08\/liv-icon.png\" data-elementor-open-lightbox=\"no\" data-index=\"4\" data-width=\"75\" data-height=\"39\"  >\n\t\t\t\t\t\t\t\t\n\t\t\t\t\t\t\t\t\t\t\t\t\t\t\t\t\t<img loading=\"lazy\" decoding=\"async\" width=\"75\" height=\"39\" src=\"https:\/\/westhealth.com.tr\/wp-content\/uploads\/2023\/08\/liv-icon.png\" class=\"wd-gallery-image image-4 attachment-full\" alt=\"atlas\" title=\"liv-icon\" \/>\t\t\t\t\t\t\t\t\n\n\t\t\t\t\t\t\t\t\t\t\t\t\t\t\t<\/a>\n\t\t\t\t\t\t\t\t\t\t\t\t<\/div>\n\t\t\t\t\t\t\t\t\t\t\t\t<\/div>\n\t\t<\/div>\n\t\t\t\t<\/div><\/div><\/div><\/div><\/section>\n<\/section>","protected":false},"excerpt":{"rendered":"About Us West Health West Health, a thriving healthcare provider operating on both sides of Istanbul, has been delivering an","protected":false},"author":1,"featured_media":0,"parent":0,"menu_order":0,"comment_status":"closed","ping_status":"closed","template":"","meta":{"footnotes":""},"class_list":["post-153","page","type-page","status-publish","hentry"],"_links":{"self":[{"href":"https:\/\/westhealth.com.tr\/tr\/wp-json\/wp\/v2\/pages\/153","targetHints":{"allow":["GET"]}}],"collection":[{"href":"https:\/\/westhealth.com.tr\/tr\/wp-json\/wp\/v2\/pages"}],"about":[{"href":"https:\/\/westhealth.com.tr\/tr\/wp-json\/wp\/v2\/types\/page"}],"author":[{"embeddable":true,"href":"https:\/\/westhealth.com.tr\/tr\/wp-json\/wp\/v2\/users\/1"}],"replies":[{"embeddable":true,"href":"https:\/\/westhealth.com.tr\/tr\/wp-json\/wp\/v2\/comments?post=153"}],"version-history":[{"count":7,"href":"https:\/\/westhealth.com.tr\/tr\/wp-json\/wp\/v2\/pages\/153\/revisions"}],"predecessor-version":[{"id":285,"href":"https:\/\/westhealth.com.tr\/tr\/wp-json\/wp\/v2\/pages\/153\/revisions\/285"}],"wp:attachment":[{"href":"https:\/\/westhealth.com.tr\/tr\/wp-json\/wp\/v2\/media?parent=153"}],"curies":[{"name":"wp","href":"https:\/\/api.w.org\/{rel}","templated":true}]}}