{"id":209,"date":"2024-01-22T14:30:51","date_gmt":"2024-01-22T11:30:51","guid":{"rendered":"https:\/\/westhealth.inolyzer.site\/?page_id=209"},"modified":"2024-01-24T11:06:03","modified_gmt":"2024-01-24T08:06:03","slug":"processes","status":"publish","type":"page","link":"https:\/\/westhealth.com.tr\/tr\/processes\/","title":{"rendered":"S\u00fcre\u00e7ler"},"content":{"rendered":"<section class=\"wpb-content-wrapper\"><section class=\"vc_section vc_custom_1691677673691 vc_section-has-fill wd-rs-64d4f3e766220 wd-section-stretch\"><div class=\"vc_row wpb_row vc_row-fluid vc_custom_1705924161525 vc_row-o-equal-height vc_row-o-content-middle vc_row-flex wd-rs-65ae563e559a9\"><div class=\"wpb_column vc_column_container vc_col-sm-12\"><div class=\"vc_column-inner\"><div class=\"wpb_wrapper\">\t\t\t<link rel=\"stylesheet\" id=\"wd-section-title-css\" href=\"https:\/\/westhealth.com.tr\/wp-content\/themes\/woodmart\/css\/parts\/el-section-title.min.css?ver=7.2.5\" type=\"text\/css\" media=\"all\" \/> \t\t\t\t\t\t<link rel=\"stylesheet\" id=\"wd-mod-highlighted-text-css\" href=\"https:\/\/westhealth.com.tr\/wp-content\/themes\/woodmart\/css\/parts\/mod-highlighted-text.min.css?ver=7.2.5\" type=\"text\/css\" media=\"all\" \/> \t\t\t\n\t\t<div id=\"wd-65ae52706fa11\" class=\"title-wrapper wd-wpb set-mb-s reset-last-child  wd-rs-65ae52706fa11 wd-title-color-default wd-title-style-default text-center titles  wd-underline-colored\">\n\t\t\t\t\t\t\t<div class=\"title-subtitle  subtitle-color-default font-default subtitle-style-default wd-font-weight-600 wd-fontsize-xs\">S\u00fcre\u00e7ler<\/div>\n\t\t\t\n\t\t\t<div class=\"liner-continer\">\n\t\t\t\t<h2 class=\"woodmart-title-container title  wd-font-weight-500 wd-fontsize-l\" >West <strong>Health<\/strong><\/h2>\n\t\t\t\t\t\t\t<\/div>\n\t\t\t\n\t\t\t\n\t\t\t\n\t\t<\/div>\n\t\t\n\t\t<\/div><\/div><\/div><\/div><div class=\"vc_row wpb_row vc_row-fluid vc_row-o-equal-height vc_row-o-content-middle vc_row-flex wd-rs-65b0c3a012b25\"><div class=\"wpb_column vc_column_container vc_col-sm-6\"><div class=\"vc_column-inner\"><div class=\"wpb_wrapper\">\n\t<div class=\"wpb_text_column wpb_content_element\" >\n\t\t<div class=\"wpb_wrapper\">\n\t\t\t<h2>Teklif Talebi<\/h2>\n<p>Gerekli bilgileri (sa\u011fl\u0131k raporlar\u0131, muayene sonu\u00e7lar\u0131, r\u00f6ntgenler vb.) bize e-posta yoluyla g\u00f6nderin veya tedavi paketinizi sat\u0131n al\u0131n.<\/p>\n\n\t\t<\/div>\n\t<\/div>\n<\/div><\/div><\/div><div class=\"wpb_column vc_column_container vc_col-sm-6\"><div class=\"vc_column-inner\"><div class=\"wpb_wrapper\">\n\t<div  class=\"wpb_single_image wpb_content_element vc_align_center\">\n\t\t\n\t\t<figure class=\"wpb_wrapper vc_figure\">\n\t\t\t<div class=\"vc_single_image-wrapper   vc_box_border_grey\"><img fetchpriority=\"high\" decoding=\"async\" width=\"550\" height=\"340\" src=\"https:\/\/westhealth.com.tr\/wp-content\/uploads\/2024\/01\/request-for-quote-1.jpg\" class=\"vc_single_image-img attachment-full\" alt=\"\" title=\"request-for-quote\" srcset=\"https:\/\/westhealth.com.tr\/wp-content\/uploads\/2024\/01\/request-for-quote-1.jpg 550w, https:\/\/westhealth.com.tr\/wp-content\/uploads\/2024\/01\/request-for-quote-1-300x185.jpg 300w\" sizes=\"(max-width: 550px) 100vw, 550px\" \/><\/div>\n\t\t<\/figure>\n\t<\/div>\n<\/div><\/div><\/div><\/div><div class=\"vc_row wpb_row vc_row-fluid vc_row-o-equal-height vc_row-o-content-middle vc_row-flex wd-rs-65b0c3a012b25\"><div class=\"wpb_column vc_column_container vc_col-sm-6\"><div class=\"vc_column-inner\"><div class=\"wpb_wrapper\">\n\t<div  class=\"wpb_single_image wpb_content_element vc_align_center\">\n\t\t\n\t\t<figure class=\"wpb_wrapper vc_figure\">\n\t\t\t<div class=\"vc_single_image-wrapper   vc_box_border_grey\"><img decoding=\"async\" width=\"550\" height=\"340\" src=\"https:\/\/westhealth.com.tr\/wp-content\/uploads\/2024\/01\/request-preparation-1.jpg\" class=\"vc_single_image-img attachment-full\" alt=\"\" title=\"request-preparation\" srcset=\"https:\/\/westhealth.com.tr\/wp-content\/uploads\/2024\/01\/request-preparation-1.jpg 550w, https:\/\/westhealth.com.tr\/wp-content\/uploads\/2024\/01\/request-preparation-1-300x185.jpg 300w\" sizes=\"(max-width: 550px) 100vw, 550px\" \/><\/div>\n\t\t<\/figure>\n\t<\/div>\n<\/div><\/div><\/div><div class=\"wpb_column vc_column_container vc_col-sm-6\"><div class=\"vc_column-inner\"><div class=\"wpb_wrapper\">\n\t<div class=\"wpb_text_column wpb_content_element\" >\n\t\t<div class=\"wpb_wrapper\">\n\t\t\t<h2>Haz\u0131rl\u0131k Talebi<\/h2>\n<p>West Health'in alan\u0131nda deneyimli doktorlardan olu\u015fan sa\u011fl\u0131k y\u00f6netimi ekibi, dosyan\u0131z\u0131 ekibimizle g\u00f6r\u00fc\u015ferek size uygun bir tedavi plan\u0131 olu\u015fturacakt\u0131r.<\/p>\n<p>Plan\u0131n\u0131za dahil olan tedavi, konaklama, destek ve ula\u015f\u0131m sizin onay\u0131n\u0131za tabidir.<\/p>\n\n\t\t<\/div>\n\t<\/div>\n<\/div><\/div><\/div><\/div><div class=\"vc_row wpb_row vc_row-fluid vc_row-o-equal-height vc_row-o-content-middle vc_row-flex wd-rs-65b0c3a012b25\"><div class=\"wpb_column vc_column_container vc_col-sm-6\"><div class=\"vc_column-inner\"><div class=\"wpb_wrapper\">\n\t<div class=\"wpb_text_column wpb_content_element\" >\n\t\t<div class=\"wpb_wrapper\">\n\t\t\t<h2>\u00c7evirmenimiz ve Asistan\u0131m\u0131z Sizi Kar\u015f\u0131layacak<\/h2>\n<p>Remed Health taraf\u0131ndan g\u00f6revlendirilen asistan\u0131m\u0131z sizi havaalan\u0131nda kar\u015f\u0131layacak, hastaneye kadar size e\u015flik edecek ve tedavi i\u00e7in yurtd\u0131\u015f\u0131na seyahatinizle ilgili herhangi bir sorunuz olmamas\u0131 i\u00e7in gerekli terc\u00fcme i\u015fini yapacakt\u0131r.<\/p>\n\n\t\t<\/div>\n\t<\/div>\n<\/div><\/div><\/div><div class=\"wpb_column vc_column_container vc_col-sm-6\"><div class=\"vc_column-inner\"><div class=\"wpb_wrapper\">\n\t<div  class=\"wpb_single_image wpb_content_element vc_align_center\">\n\t\t\n\t\t<figure class=\"wpb_wrapper vc_figure\">\n\t\t\t<div class=\"vc_single_image-wrapper   vc_box_border_grey\"><img decoding=\"async\" width=\"550\" height=\"340\" src=\"https:\/\/westhealth.com.tr\/wp-content\/uploads\/2024\/01\/our-translator-and-assistant.jpg\" class=\"vc_single_image-img attachment-full\" alt=\"\" title=\"our-translator-and-assistant\" srcset=\"https:\/\/westhealth.com.tr\/wp-content\/uploads\/2024\/01\/our-translator-and-assistant.jpg 550w, https:\/\/westhealth.com.tr\/wp-content\/uploads\/2024\/01\/our-translator-and-assistant-300x185.jpg 300w\" sizes=\"(max-width: 550px) 100vw, 550px\" \/><\/div>\n\t\t<\/figure>\n\t<\/div>\n<\/div><\/div><\/div><\/div><div class=\"vc_row wpb_row vc_row-fluid vc_row-o-equal-height vc_row-o-content-middle vc_row-flex wd-rs-65b0c3a012b25\"><div class=\"wpb_column vc_column_container vc_col-sm-6\"><div class=\"vc_column-inner\"><div class=\"wpb_wrapper\">\n\t<div  class=\"wpb_single_image wpb_content_element vc_align_center\">\n\t\t\n\t\t<figure class=\"wpb_wrapper vc_figure\">\n\t\t\t<div class=\"vc_single_image-wrapper   vc_box_border_grey\"><img loading=\"lazy\" decoding=\"async\" width=\"550\" height=\"340\" src=\"https:\/\/westhealth.com.tr\/wp-content\/uploads\/2024\/01\/hospital-and-accommodation.jpg\" class=\"vc_single_image-img attachment-full\" alt=\"\" title=\"hospital-and-accommodation\" srcset=\"https:\/\/westhealth.com.tr\/wp-content\/uploads\/2024\/01\/hospital-and-accommodation.jpg 550w, https:\/\/westhealth.com.tr\/wp-content\/uploads\/2024\/01\/hospital-and-accommodation-300x185.jpg 300w\" sizes=\"(max-width: 550px) 100vw, 550px\" \/><\/div>\n\t\t<\/figure>\n\t<\/div>\n<\/div><\/div><\/div><div class=\"wpb_column vc_column_container vc_col-sm-6\"><div class=\"vc_column-inner\"><div class=\"wpb_wrapper\">\n\t<div class=\"wpb_text_column wpb_content_element\" >\n\t\t<div class=\"wpb_wrapper\">\n\t\t\t<h2>Hastane ve Konaklama<\/h2>\n<p><strong>Hastane<\/strong><br \/>\nHastanede kald\u0131\u011f\u0131n\u0131z s\u00fcre boyunca, hastane ile s\u00fcrekli ileti\u015fim halinde olan sa\u011fl\u0131k ekibimiz ve size e\u015flik eden asistan\u0131n\u0131z durumunuzu takip edecektir.<\/p>\n<p><strong>Otel<\/strong><br \/>\nTedaviden sonra ve iyile\u015fme d\u00f6neminde otelde dinlenebileceksiniz.<\/p>\n\n\t\t<\/div>\n\t<\/div>\n<\/div><\/div><\/div><\/div><div class=\"vc_row wpb_row vc_row-fluid vc_row-o-equal-height vc_row-o-content-middle vc_row-flex wd-rs-65b0c3a012b25\"><div class=\"wpb_column vc_column_container vc_col-sm-6\"><div class=\"vc_column-inner\"><div class=\"wpb_wrapper\">\n\t<div class=\"wpb_text_column wpb_content_element\" >\n\t\t<div class=\"wpb_wrapper\">\n\t\t\t<h2>D\u00f6n\u00fc\u015f<\/h2>\n<p>Tedavinizle ilgilenen doktorun ve sa\u011fl\u0131k y\u00f6netimi ekibimizin onay\u0131ndan sonra West Health \u00fclkenize d\u00f6n\u00fc\u015f\u00fcn\u00fcz\u00fc organize edecek ve asistan\u0131m\u0131z size havaalan\u0131na kadar e\u015flik edecektir.<\/p>\n<p>West Health, gelecekteki taleplere yan\u0131t verebilmek i\u00e7in hasta bilgilerini gizli tutar.<\/p>\n\n\t\t<\/div>\n\t<\/div>\n<\/div><\/div><\/div><div class=\"wpb_column vc_column_container vc_col-sm-6\"><div class=\"vc_column-inner\"><div class=\"wpb_wrapper\">\n\t<div  class=\"wpb_single_image wpb_content_element vc_align_center\">\n\t\t\n\t\t<figure class=\"wpb_wrapper vc_figure\">\n\t\t\t<div class=\"vc_single_image-wrapper   vc_box_border_grey\"><img loading=\"lazy\" decoding=\"async\" width=\"550\" height=\"340\" src=\"https:\/\/westhealth.com.tr\/wp-content\/uploads\/2024\/01\/return.jpg\" class=\"vc_single_image-img attachment-full\" alt=\"\" title=\"return\" srcset=\"https:\/\/westhealth.com.tr\/wp-content\/uploads\/2024\/01\/return.jpg 550w, https:\/\/westhealth.com.tr\/wp-content\/uploads\/2024\/01\/return-300x185.jpg 300w\" sizes=\"(max-width: 550px) 100vw, 550px\" \/><\/div>\n\t\t<\/figure>\n\t<\/div>\n<\/div><\/div><\/div><\/div><\/section><section class=\"vc_section\"><div class=\"vc_row wpb_row vc_row-fluid\"><div class=\"wpb_column vc_column_container vc_col-sm-12\"><div class=\"vc_column-inner\"><div class=\"wpb_wrapper\">\n\t<div class=\"wpb_raw_code wpb_content_element wpb_raw_html short_p\" >\n\t\t<div class=\"wpb_wrapper\">\n\t\t\t<div>\u201cWest size en kaliteli hizmeti sunmak i\u00e7in her zaman en iyilerle \u00e7al\u0131\u015f\u0131r.\u201d<\/div>\n\t\t<\/div>\n\t<\/div>\n\t\t\t<link rel=\"stylesheet\" id=\"wd-photoswipe-css\" href=\"https:\/\/westhealth.com.tr\/wp-content\/themes\/woodmart\/css\/parts\/lib-photoswipe.min.css?ver=7.2.5\" type=\"text\/css\" media=\"all\" \/> \t\t\t\t\t\t<link rel=\"stylesheet\" id=\"wd-owl-carousel-css\" href=\"https:\/\/westhealth.com.tr\/wp-content\/themes\/woodmart\/css\/parts\/lib-owl-carousel.min.css?ver=7.2.5\" type=\"text\/css\" media=\"all\" \/> \t\t\t\t\t\t<link rel=\"stylesheet\" id=\"wd-image-gallery-css\" href=\"https:\/\/westhealth.com.tr\/wp-content\/themes\/woodmart\/css\/parts\/el-gallery.min.css?ver=7.2.5\" type=\"text\/css\" media=\"all\" \/> \t\t\t\t\t<div id=\"gallery_333\" class=\"wd-images-gallery wd-rs-64ddc696d7510 wd-justify-center wd-items-middle logo-slider view-carousel photoswipe-images wd-carousel-spacing-10 wd-carousel-container\" data-owl-carousel data-wrap=\"no\" data-hide_pagination_control=\"no\" data-hide_prev_next_buttons=\"no\" data-desktop=\"4\" data-tablet_landscape=\"4\" data-tablet=\"3\" data-mobile=\"1\">\n\t\t\t<div class=\"gallery-images owl-carousel wd-owl owl-items-lg-4 owl-items-md-4 owl-items-sm-3 owl-items-xs-1\">\n\t\t\t\t\t\t\t\t\t\t\t\t\t\t\t<div class=\"wd-gallery-item\">\n\t\t\t\t\t\t\t\t\t\t\t\t\t\t<a href=\"https:\/\/westhealth.com.tr\/wp-content\/uploads\/2023\/08\/academic-icon.png\" data-elementor-open-lightbox=\"no\" data-index=\"1\" data-width=\"183\" data-height=\"33\"  >\n\t\t\t\t\t\t\t\t\n\t\t\t\t\t\t\t\t\t\t\t\t\t\t\t\t\t<img loading=\"lazy\" decoding=\"async\" width=\"183\" height=\"33\" src=\"https:\/\/westhealth.com.tr\/wp-content\/uploads\/2023\/08\/academic-icon.png\" class=\"wd-gallery-image image-1 attachment-full\" alt=\"\" title=\"academic-icon\" \/>\t\t\t\t\t\t\t\t\n\n\t\t\t\t\t\t\t\t\t\t\t\t\t\t\t<\/a>\n\t\t\t\t\t\t\t\t\t\t\t\t<\/div>\n\t\t\t\t\t\t\t\t\t\t\t<div class=\"wd-gallery-item\">\n\t\t\t\t\t\t\t\t\t\t\t\t\t\t<a href=\"https:\/\/westhealth.com.tr\/wp-content\/uploads\/2023\/08\/acibadem-icon.png\" data-elementor-open-lightbox=\"no\" data-index=\"2\" data-width=\"224\" data-height=\"27\"  >\n\t\t\t\t\t\t\t\t\n\t\t\t\t\t\t\t\t\t\t\t\t\t\t\t\t\t<img loading=\"lazy\" decoding=\"async\" width=\"224\" height=\"27\" src=\"https:\/\/westhealth.com.tr\/wp-content\/uploads\/2023\/08\/acibadem-icon.png\" class=\"wd-gallery-image image-2 attachment-full\" alt=\"\" title=\"acibadem-icon\" \/>\t\t\t\t\t\t\t\t\n\n\t\t\t\t\t\t\t\t\t\t\t\t\t\t\t<\/a>\n\t\t\t\t\t\t\t\t\t\t\t\t<\/div>\n\t\t\t\t\t\t\t\t\t\t\t<div class=\"wd-gallery-item\">\n\t\t\t\t\t\t\t\t\t\t\t\t\t\t<a href=\"https:\/\/westhealth.com.tr\/wp-content\/uploads\/2023\/08\/memorial-icon.png\" data-elementor-open-lightbox=\"no\" data-index=\"3\" data-width=\"188\" data-height=\"27\"  >\n\t\t\t\t\t\t\t\t\n\t\t\t\t\t\t\t\t\t\t\t\t\t\t\t\t\t<img loading=\"lazy\" decoding=\"async\" width=\"188\" height=\"27\" src=\"https:\/\/westhealth.com.tr\/wp-content\/uploads\/2023\/08\/memorial-icon.png\" class=\"wd-gallery-image image-3 attachment-full\" alt=\"\" title=\"memorial-icon\" \/>\t\t\t\t\t\t\t\t\n\n\t\t\t\t\t\t\t\t\t\t\t\t\t\t\t<\/a>\n\t\t\t\t\t\t\t\t\t\t\t\t<\/div>\n\t\t\t\t\t\t\t\t\t\t\t<div class=\"wd-gallery-item\">\n\t\t\t\t\t\t\t\t\t\t\t\t\t\t<a href=\"https:\/\/westhealth.com.tr\/wp-content\/uploads\/2023\/08\/liv-icon.png\" data-elementor-open-lightbox=\"no\" data-index=\"4\" data-width=\"75\" data-height=\"39\"  >\n\t\t\t\t\t\t\t\t\n\t\t\t\t\t\t\t\t\t\t\t\t\t\t\t\t\t<img loading=\"lazy\" decoding=\"async\" width=\"75\" height=\"39\" src=\"https:\/\/westhealth.com.tr\/wp-content\/uploads\/2023\/08\/liv-icon.png\" class=\"wd-gallery-image image-4 attachment-full\" alt=\"atlas\" title=\"liv-icon\" \/>\t\t\t\t\t\t\t\t\n\n\t\t\t\t\t\t\t\t\t\t\t\t\t\t\t<\/a>\n\t\t\t\t\t\t\t\t\t\t\t\t<\/div>\n\t\t\t\t\t\t\t\t\t\t\t\t<\/div>\n\t\t<\/div>\n\t\t\t\t<\/div><\/div><\/div><\/div><\/section>\n<\/section>","protected":false},"excerpt":{"rendered":"Processes West Health Request For Quote Send us the necessary information (health reports, examination results, x-rays, etc.) via e-mail or","protected":false},"author":1,"featured_media":0,"parent":0,"menu_order":0,"comment_status":"closed","ping_status":"closed","template":"","meta":{"footnotes":""},"class_list":["post-209","page","type-page","status-publish","hentry"],"_links":{"self":[{"href":"https:\/\/westhealth.com.tr\/tr\/wp-json\/wp\/v2\/pages\/209","targetHints":{"allow":["GET"]}}],"collection":[{"href":"https:\/\/westhealth.com.tr\/tr\/wp-json\/wp\/v2\/pages"}],"about":[{"href":"https:\/\/westhealth.com.tr\/tr\/wp-json\/wp\/v2\/types\/page"}],"author":[{"embeddable":true,"href":"https:\/\/westhealth.com.tr\/tr\/wp-json\/wp\/v2\/users\/1"}],"replies":[{"embeddable":true,"href":"https:\/\/westhealth.com.tr\/tr\/wp-json\/wp\/v2\/comments?post=209"}],"version-history":[{"count":12,"href":"https:\/\/westhealth.com.tr\/tr\/wp-json\/wp\/v2\/pages\/209\/revisions"}],"predecessor-version":[{"id":310,"href":"https:\/\/westhealth.com.tr\/tr\/wp-json\/wp\/v2\/pages\/209\/revisions\/310"}],"wp:attachment":[{"href":"https:\/\/westhealth.com.tr\/tr\/wp-json\/wp\/v2\/media?parent=209"}],"curies":[{"name":"wp","href":"https:\/\/api.w.org\/{rel}","templated":true}]}}