{"id":219,"date":"2024-01-22T14:59:53","date_gmt":"2024-01-22T11:59:53","guid":{"rendered":"https:\/\/westhealth.inolyzer.site\/?page_id=219"},"modified":"2024-01-24T11:56:19","modified_gmt":"2024-01-24T08:56:19","slug":"cardiology-department","status":"publish","type":"page","link":"https:\/\/westhealth.com.tr\/tr\/cardiology-department\/","title":{"rendered":"Kardiyoloji B\u00f6l\u00fcm\u00fc"},"content":{"rendered":"<section class=\"wpb-content-wrapper\"><section class=\"vc_section vc_custom_1692082909216 wd-rs-64db22d809ce7 wd-section-stretch\"><div class=\"vc_row wpb_row vc_row-fluid vc_row-o-equal-height vc_row-o-content-middle vc_row-flex wd-rs-65b0cd0fe19bf\"><div class=\"wpb_column vc_column_container vc_col-sm-6\"><div class=\"vc_column-inner\"><div class=\"wpb_wrapper\">\t\t\t<link rel=\"stylesheet\" id=\"wd-section-title-css\" href=\"https:\/\/westhealth.com.tr\/wp-content\/themes\/woodmart\/css\/parts\/el-section-title.min.css?ver=7.2.5\" type=\"text\/css\" media=\"all\" \/> \t\t\t\t\t\t<link rel=\"stylesheet\" id=\"wd-mod-highlighted-text-css\" href=\"https:\/\/westhealth.com.tr\/wp-content\/themes\/woodmart\/css\/parts\/mod-highlighted-text.min.css?ver=7.2.5\" type=\"text\/css\" media=\"all\" \/> \t\t\t\n\t\t<div id=\"wd-65ae5b9c48f4d\" class=\"title-wrapper wd-wpb set-mb-s reset-last-child  wd-rs-65ae5b9c48f4d wd-title-color-default wd-title-style-default text-left titles  wd-underline-colored\">\n\t\t\t\t\t\t\t<div class=\"title-subtitle  subtitle-color-default font-default subtitle-style-default wd-font-weight-600 wd-fontsize-xs\">Tedaviler<\/div>\n\t\t\t\n\t\t\t<div class=\"liner-continer\">\n\t\t\t\t<h1 class=\"woodmart-title-container title  wd-font-weight-500 wd-fontsize-l\" >Kardiyoloji <strong>B\u00f6l\u00fcm\u00fc<\/strong><\/h1>\n\t\t\t\t\t\t\t<\/div>\n\t\t\t\n\t\t\t\n\t\t\t\n\t\t<\/div>\n\t\t\n\t\t\n\t<div class=\"wpb_text_column wpb_content_element\" >\n\t\t<div class=\"wpb_wrapper\">\n\t\t\t<p>West Health'te Kardiyoloji B\u00f6l\u00fcm\u00fcm\u00fcz, hasta merkezli bir yakla\u015f\u0131mla ola\u011fan\u00fcst\u00fc kardiyovask\u00fcler bak\u0131m sa\u011flamaya kendini adam\u0131\u015ft\u0131r. Deneyimli ve yetenekli kardiyologlardan olu\u015fan ekibimiz, kalp sa\u011fl\u0131\u011f\u0131n\u0131z\u0131n esenli\u011fini sa\u011flamaya kendini adam\u0131\u015ft\u0131r.<\/p>\n\n\t\t<\/div>\n\t<\/div>\n<\/div><\/div><\/div><div class=\"wpb_column vc_column_container vc_col-sm-6\"><div class=\"vc_column-inner\"><div class=\"wpb_wrapper\">\n\t<div  class=\"wpb_single_image wpb_content_element vc_align_center\">\n\t\t\n\t\t<figure class=\"wpb_wrapper vc_figure\">\n\t\t\t<div class=\"vc_single_image-wrapper   vc_box_border_grey\"><img fetchpriority=\"high\" decoding=\"async\" width=\"550\" height=\"550\" src=\"https:\/\/westhealth.com.tr\/wp-content\/uploads\/2024\/01\/cardiology-department.jpg\" class=\"vc_single_image-img attachment-full\" alt=\"\" title=\"cardiology-department\" srcset=\"https:\/\/westhealth.com.tr\/wp-content\/uploads\/2024\/01\/cardiology-department.jpg 550w, https:\/\/westhealth.com.tr\/wp-content\/uploads\/2024\/01\/cardiology-department-300x300.jpg 300w, https:\/\/westhealth.com.tr\/wp-content\/uploads\/2024\/01\/cardiology-department-150x150.jpg 150w\" sizes=\"(max-width: 550px) 100vw, 550px\" \/><\/div>\n\t\t<\/figure>\n\t<\/div>\n<\/div><\/div><\/div><\/div><div class=\"vc_row wpb_row vc_row-fluid vc_row-o-equal-height vc_row-o-content-middle vc_row-flex wd-rs-64db26326f18d\"><div class=\"wpb_column vc_column_container vc_col-sm-12\"><div class=\"vc_column-inner\"><div class=\"wpb_wrapper\">\n\t<div class=\"wpb_text_column wpb_content_element\" >\n\t\t<div class=\"wpb_wrapper\">\n\t\t\t<h2><strong>Hizmetlerimiz<\/strong><\/h2>\n<ul>\n<li><strong>Kapsaml\u0131 Kardiyovask\u00fcler Bak\u0131m<\/strong><br \/>\n\u00c7ok \u00e7e\u015fitli kardiyovask\u00fcler durumlar\u0131 ele almak i\u00e7in eksiksiz bir te\u015fhis, tedavi ve giri\u015fimsel hizmetler yelpazesi sunuyoruz.<\/li>\n<li><strong>Son Teknoloji Tesisler<\/strong><br \/>\nEn son teknolojiyle donat\u0131lm\u0131\u015f tesislerimiz, do\u011fru te\u015fhis ve etkili tedaviyi m\u00fcmk\u00fcn k\u0131larak en y\u00fcksek standartta bak\u0131m sa\u011flar.<\/li>\n<li><strong>Koruyucu Kardiyoloji<\/strong><br \/>\nOdak noktam\u0131z tedavinin \u00f6tesine uzan\u0131yor. Risk fakt\u00f6rlerini y\u00f6netmek ve kalp sa\u011fl\u0131\u011f\u0131na uygun ya\u015fam tarzlar\u0131n\u0131 benimsemek i\u00e7in hastalarla birlikte \u00e7al\u0131\u015farak \u00f6nleyici kardiyolojiyi vurguluyoruz.<\/li>\n<\/ul>\n\n\t\t<\/div>\n\t<\/div>\n\n\t<div class=\"wpb_text_column wpb_content_element\" >\n\t\t<div class=\"wpb_wrapper\">\n\t\t\t<h2><strong>Koruyucu Kardiyoloji<\/strong><\/h2>\n<p>Y\u00f6netim kurulu sertifikal\u0131 kardiyologlardan olu\u015fan ekibimiz, masaya zengin bir deneyim ve uzmanl\u0131k getiriyor. Hasta merkezli bir yakla\u015f\u0131mla, tedavilerimizi bireysel ihtiya\u00e7lara g\u00f6re uyarlayarak her hasta i\u00e7in ki\u015fiselle\u015ftirilmi\u015f bak\u0131m sa\u011fl\u0131yoruz.<\/p>\n\n\t\t<\/div>\n\t<\/div>\n\n\t<div class=\"wpb_text_column wpb_content_element\" >\n\t\t<div class=\"wpb_wrapper\">\n\t\t\t<h2><strong>\u00d6zel Programlar<\/strong><\/h2>\n<ul>\n<li><strong>Kardiyak Rehabilitasyon<br \/>\n<\/strong>Kalple ilgili sorunlardan iyile\u015fen hastalar i\u00e7in kardiyak rehabilitasyon program\u0131m\u0131z fiziksel ve duygusal refah i\u00e7in kapsaml\u0131 destek sa\u011flar.<\/li>\n<li><strong>Kalp Sa\u011fl\u0131\u011f\u0131 E\u011fitimi<br \/>\n<\/strong>Hastalar\u0131m\u0131z\u0131 bilgi ile g\u00fc\u00e7lendirmeye inan\u0131yoruz. E\u011fitim programlar\u0131m\u0131z kalp sa\u011fl\u0131\u011f\u0131na uygun ya\u015fam tarzlar\u0131n\u0131 te\u015fvik etmeyi ve kardiyovask\u00fcler sa\u011fl\u0131k konusunda fark\u0131ndal\u0131\u011f\u0131 art\u0131rmay\u0131 ama\u00e7lamaktad\u0131r.<\/li>\n<\/ul>\n\n\t\t<\/div>\n\t<\/div>\n\n\t<div class=\"wpb_text_column wpb_content_element\" >\n\t\t<div class=\"wpb_wrapper\">\n\t\t\t<h2><strong>Neden Bizi Se\u00e7melisiniz?<\/strong><\/h2>\n<ul>\n<li><strong>\u015eefkatli Bak\u0131m<br \/>\n<\/strong>Beyond medical expertise, we prioritize compassionate care, recognizing the importance of empathy and understanding in the healing process.<\/li>\n<li><strong>Hasta Odakl\u0131 Yakla\u015f\u0131m<br \/>\n<\/strong>Sizin sa\u011fl\u0131\u011f\u0131n\u0131z bizim \u00f6nceli\u011fimizdir. M\u00fcmk\u00fcn olan en iyi sonu\u00e7lar\u0131 elde etmek i\u00e7in i\u015fbirli\u011fine dayal\u0131 bir ili\u015fkiyi te\u015fvik ederek hastalar\u0131 bak\u0131mlar\u0131na dahil ediyoruz.<\/li>\n<li><strong>S\u00fcrekli Yenilik<br \/>\n<\/strong>M\u00fcmk\u00fcn olan en iyi bak\u0131m\u0131 sunmak i\u00e7in yeni teknolojileri ve tedavi y\u00f6ntemlerini benimseyerek kardiyolojideki geli\u015fmelerin \u00f6n saflar\u0131nda yer al\u0131yoruz.<\/li>\n<\/ul>\n\n\t\t<\/div>\n\t<\/div>\n<\/div><\/div><\/div><\/div><\/section><section class=\"vc_section vc_custom_1691677673691 vc_section-has-fill wd-rs-64d4f3e766220 wd-section-stretch\"><div class=\"vc_row wpb_row vc_row-fluid tedavi-bar vc_row-o-equal-height vc_row-o-content-middle vc_row-flex wd-rs-65ae5b1689e16\"><div class=\"wpb_column vc_column_container vc_col-sm-12\"><div class=\"vc_column-inner\"><div class=\"wpb_wrapper\">\n\t<div class=\"wpb_text_column wpb_content_element\" >\n\t\t<div class=\"wpb_wrapper\">\n\t\t\t<h3>Bize Ula\u015f\u0131n<\/h3>\n<p>M\u00fcmk\u00fcn olan en iyi bak\u0131m\u0131 sunmak i\u00e7in yeni teknolojileri ve tedavi y\u00f6ntemlerini benimseyerek kardiyolojideki geli\u015fmelerin \u00f6n saflar\u0131nda yer al\u0131yoruz.<\/p>\n\n\t\t<\/div>\n\t<\/div>\n\n<div class=\"wpcf7 no-js\" id=\"wpcf7-f6-o1\" lang=\"tr-TR\" dir=\"ltr\">\n<div class=\"screen-reader-response\"><p role=\"status\" aria-live=\"polite\" aria-atomic=\"true\"><\/p> <ul><\/ul><\/div>\n<form action=\"\/tr\/wp-json\/wp\/v2\/pages\/219#wpcf7-f6-o1\" method=\"post\" class=\"wpcf7-form init\" aria-label=\"Contact form\" novalidate=\"novalidate\" data-status=\"init\" data-trp-original-action=\"\/tr\/wp-json\/wp\/v2\/pages\/219#wpcf7-f6-o1\">\n<div style=\"display: none;\">\n<input type=\"hidden\" name=\"_wpcf7\" value=\"6\" \/>\n<input type=\"hidden\" name=\"_wpcf7_version\" value=\"5.8.7\" \/>\n<input type=\"hidden\" name=\"_wpcf7_locale\" value=\"tr_TR\" \/>\n<input type=\"hidden\" name=\"_wpcf7_unit_tag\" value=\"wpcf7-f6-o1\" \/>\n<input type=\"hidden\" name=\"_wpcf7_container_post\" value=\"0\" \/>\n<input type=\"hidden\" name=\"_wpcf7_posted_data_hash\" value=\"\" \/>\n<\/div>\n<div class=\"c_form\">\n\t<div class=\"form-widget\">\n\t\t<p><span class=\"wpcf7-form-control-wrap\" data-name=\"ad\"><input size=\"40\" class=\"wpcf7-form-control wpcf7-text wpcf7-validates-as-required\" aria-required=\"true\" aria-invalid=\"false\" placeholder=\"Ad-Soyad\" value=\"\" type=\"text\" name=\"ad\" \/><\/span>\n\t\t<\/p>\n\t\t<div class=\"form-widget\">\n\t\t\t<p><span class=\"wpcf7-form-control-wrap\" data-name=\"email\"><input size=\"40\" class=\"wpcf7-form-control wpcf7-email wpcf7-text wpcf7-validates-as-email\" aria-invalid=\"false\" placeholder=\"E-Posta\" value=\"\" type=\"email\" name=\"email\" \/><\/span>\n\t\t\t<\/p>\n\t\t\t<div class=\"form-widget\">\n\t\t\t\t<p><span class=\"wpcf7-form-control-wrap\" data-name=\"tel\"><input size=\"40\" class=\"wpcf7-form-control wpcf7-tel wpcf7-validates-as-required wpcf7-text wpcf7-validates-as-tel\" aria-required=\"true\" aria-invalid=\"false\" placeholder=\"Telefon Numaras\u0131\" value=\"\" type=\"tel\" name=\"tel\" \/><\/span>\n\t\t\t\t<\/p>\n\t\t\t\t<div class=\"form-widget\">\n\t\t\t\t\t<p><span class=\"wpcf7-form-control-wrap\" data-name=\"hizmet\"><select class=\"wpcf7-form-control wpcf7-select\" aria-invalid=\"false\" name=\"hizmet\"><option value=\"Choose Service\">Choose Service<\/option><option value=\"Cardiology Department\">Kardiyoloji B\u00f6l\u00fcm\u00fc<\/option><option value=\"West Dental Care Center\">West Di\u015f Bak\u0131m Merkezi<\/option><option value=\"Eye Diseases Department\">G\u00f6z Hastal\u0131klar\u0131 B\u00f6l\u00fcm\u00fc<\/option><option value=\"IVF Department\">T\u00fcp Bebek B\u00f6l\u00fcm\u00fc<\/option><option value=\"Orthopedics Department\">Ortopedi B\u00f6l\u00fcm\u00fc<\/option><option value=\"Gynecological Diseases Department\">Kad\u0131n Hastal\u0131klar\u0131 B\u00f6l\u00fcm\u00fc<\/option><option value=\"Comprehensive General Check-ups for Your Health and Well-being\">Sa\u011fl\u0131\u011f\u0131n\u0131z ve Refah\u0131n\u0131z i\u00e7in Kapsaml\u0131 Genel Kontroller<\/option><option value=\"Schedule Your General Check-up Today\">Genel Kontrol\u00fcn\u00fcz\u00fc Bug\u00fcn Planlay\u0131n<\/option><option value=\"Neurology and Neurosurgery Department\">N\u00f6roloji ve N\u00f6ro\u015fir\u00fcrji B\u00f6l\u00fcm\u00fc<\/option><option value=\"Obesity and Bariatric Surgery Department\">Obezite ve Bariatrik Cerrahi B\u00f6l\u00fcm\u00fc<\/option><\/select><\/span>\n\t\t\t\t\t<\/p>\n\t\t\t\t\t<div class=\"form-widget\">\n\t\t\t\t\t\t<p><span class=\"wpcf7-form-control-wrap\" data-name=\"mesaj\"><textarea cols=\"40\" rows=\"10\" class=\"wpcf7-form-control wpcf7-textarea\" aria-invalid=\"false\" placeholder=\"Mesaj\" name=\"mesaj\"><\/textarea><\/span><br \/>\n<input class=\"wpcf7-form-control wpcf7-submit has-spinner\" type=\"submit\" value=\"G\u00f6nder\" \/>\n\t\t\t\t\t\t<\/p>\n\t\t\t\t\t<\/div>\n\t\t\t\t<\/div>\n\t\t\t<\/div>\n\t\t<\/div>\n\t<\/div>\n<\/div><div class=\"wpcf7-response-output\" aria-hidden=\"true\"><\/div>\n<input type=\"hidden\" name=\"trp-form-language\" value=\"tr\"\/><\/form>\n<\/div>\n<\/div><\/div><\/div><\/div><\/section><section class=\"vc_section\"><div class=\"vc_row wpb_row vc_row-fluid\"><div class=\"wpb_column vc_column_container vc_col-sm-12\"><div class=\"vc_column-inner\"><div class=\"wpb_wrapper\">\n\t<div class=\"wpb_raw_code wpb_content_element wpb_raw_html short_p\" >\n\t\t<div class=\"wpb_wrapper\">\n\t\t\t<div>\u201cT\u00fcrkiye'de \u0130leri Sa\u011fl\u0131k Hizmetleri ve \u00c7\u00f6z\u00fcmleri.\u201d<\/div>\n\t\t<\/div>\n\t<\/div>\n\t\t\t<link rel=\"stylesheet\" id=\"wd-photoswipe-css\" href=\"https:\/\/westhealth.com.tr\/wp-content\/themes\/woodmart\/css\/parts\/lib-photoswipe.min.css?ver=7.2.5\" type=\"text\/css\" media=\"all\" \/> \t\t\t\t\t\t<link rel=\"stylesheet\" id=\"wd-owl-carousel-css\" href=\"https:\/\/westhealth.com.tr\/wp-content\/themes\/woodmart\/css\/parts\/lib-owl-carousel.min.css?ver=7.2.5\" type=\"text\/css\" media=\"all\" \/> \t\t\t\t\t\t<link rel=\"stylesheet\" id=\"wd-image-gallery-css\" href=\"https:\/\/westhealth.com.tr\/wp-content\/themes\/woodmart\/css\/parts\/el-gallery.min.css?ver=7.2.5\" type=\"text\/css\" media=\"all\" \/> \t\t\t\t\t<div id=\"gallery_180\" class=\"wd-images-gallery wd-rs-64ddc696d7510 wd-justify-center wd-items-middle logo-slider view-carousel photoswipe-images wd-carousel-spacing-10 wd-carousel-container\" data-owl-carousel data-wrap=\"no\" data-hide_pagination_control=\"no\" data-hide_prev_next_buttons=\"no\" data-desktop=\"4\" data-tablet_landscape=\"4\" data-tablet=\"3\" data-mobile=\"1\">\n\t\t\t<div class=\"gallery-images owl-carousel wd-owl owl-items-lg-4 owl-items-md-4 owl-items-sm-3 owl-items-xs-1\">\n\t\t\t\t\t\t\t\t\t\t\t\t\t\t\t<div class=\"wd-gallery-item\">\n\t\t\t\t\t\t\t\t\t\t\t\t\t\t<a href=\"https:\/\/westhealth.com.tr\/wp-content\/uploads\/2023\/08\/academic-icon.png\" data-elementor-open-lightbox=\"no\" data-index=\"1\" data-width=\"183\" data-height=\"33\"  >\n\t\t\t\t\t\t\t\t\n\t\t\t\t\t\t\t\t\t\t\t\t\t\t\t\t\t<img decoding=\"async\" width=\"183\" height=\"33\" src=\"https:\/\/westhealth.com.tr\/wp-content\/uploads\/2023\/08\/academic-icon.png\" class=\"wd-gallery-image image-1 attachment-full\" alt=\"\" title=\"academic-icon\" \/>\t\t\t\t\t\t\t\t\n\n\t\t\t\t\t\t\t\t\t\t\t\t\t\t\t<\/a>\n\t\t\t\t\t\t\t\t\t\t\t\t<\/div>\n\t\t\t\t\t\t\t\t\t\t\t<div class=\"wd-gallery-item\">\n\t\t\t\t\t\t\t\t\t\t\t\t\t\t<a href=\"https:\/\/westhealth.com.tr\/wp-content\/uploads\/2023\/08\/acibadem-icon.png\" data-elementor-open-lightbox=\"no\" data-index=\"2\" data-width=\"224\" data-height=\"27\"  >\n\t\t\t\t\t\t\t\t\n\t\t\t\t\t\t\t\t\t\t\t\t\t\t\t\t\t<img decoding=\"async\" width=\"224\" height=\"27\" src=\"https:\/\/westhealth.com.tr\/wp-content\/uploads\/2023\/08\/acibadem-icon.png\" class=\"wd-gallery-image image-2 attachment-full\" alt=\"\" title=\"acibadem-icon\" \/>\t\t\t\t\t\t\t\t\n\n\t\t\t\t\t\t\t\t\t\t\t\t\t\t\t<\/a>\n\t\t\t\t\t\t\t\t\t\t\t\t<\/div>\n\t\t\t\t\t\t\t\t\t\t\t<div class=\"wd-gallery-item\">\n\t\t\t\t\t\t\t\t\t\t\t\t\t\t<a href=\"https:\/\/westhealth.com.tr\/wp-content\/uploads\/2023\/08\/memorial-icon.png\" data-elementor-open-lightbox=\"no\" data-index=\"3\" data-width=\"188\" data-height=\"27\"  >\n\t\t\t\t\t\t\t\t\n\t\t\t\t\t\t\t\t\t\t\t\t\t\t\t\t\t<img loading=\"lazy\" decoding=\"async\" width=\"188\" height=\"27\" src=\"https:\/\/westhealth.com.tr\/wp-content\/uploads\/2023\/08\/memorial-icon.png\" class=\"wd-gallery-image image-3 attachment-full\" alt=\"\" title=\"memorial-icon\" \/>\t\t\t\t\t\t\t\t\n\n\t\t\t\t\t\t\t\t\t\t\t\t\t\t\t<\/a>\n\t\t\t\t\t\t\t\t\t\t\t\t<\/div>\n\t\t\t\t\t\t\t\t\t\t\t<div class=\"wd-gallery-item\">\n\t\t\t\t\t\t\t\t\t\t\t\t\t\t<a href=\"https:\/\/westhealth.com.tr\/wp-content\/uploads\/2023\/08\/liv-icon.png\" data-elementor-open-lightbox=\"no\" data-index=\"4\" data-width=\"75\" data-height=\"39\"  >\n\t\t\t\t\t\t\t\t\n\t\t\t\t\t\t\t\t\t\t\t\t\t\t\t\t\t<img loading=\"lazy\" decoding=\"async\" width=\"75\" height=\"39\" src=\"https:\/\/westhealth.com.tr\/wp-content\/uploads\/2023\/08\/liv-icon.png\" class=\"wd-gallery-image image-4 attachment-full\" alt=\"atlas\" title=\"liv-icon\" \/>\t\t\t\t\t\t\t\t\n\n\t\t\t\t\t\t\t\t\t\t\t\t\t\t\t<\/a>\n\t\t\t\t\t\t\t\t\t\t\t\t<\/div>\n\t\t\t\t\t\t\t\t\t\t\t\t<\/div>\n\t\t<\/div>\n\t\t\t\t<\/div><\/div><\/div><\/div><\/section>\n<\/section>","protected":false},"excerpt":{"rendered":"Treatments Cardiology Department At West Health, our Cardiology Department is dedicated to providing exceptional cardiovascular care with a patient-centric approach.","protected":false},"author":1,"featured_media":0,"parent":0,"menu_order":0,"comment_status":"closed","ping_status":"closed","template":"","meta":{"footnotes":""},"class_list":["post-219","page","type-page","status-publish","hentry"],"_links":{"self":[{"href":"https:\/\/westhealth.com.tr\/tr\/wp-json\/wp\/v2\/pages\/219","targetHints":{"allow":["GET"]}}],"collection":[{"href":"https:\/\/westhealth.com.tr\/tr\/wp-json\/wp\/v2\/pages"}],"about":[{"href":"https:\/\/westhealth.com.tr\/tr\/wp-json\/wp\/v2\/types\/page"}],"author":[{"embeddable":true,"href":"https:\/\/westhealth.com.tr\/tr\/wp-json\/wp\/v2\/users\/1"}],"replies":[{"embeddable":true,"href":"https:\/\/westhealth.com.tr\/tr\/wp-json\/wp\/v2\/comments?post=219"}],"version-history":[{"count":13,"href":"https:\/\/westhealth.com.tr\/tr\/wp-json\/wp\/v2\/pages\/219\/revisions"}],"predecessor-version":[{"id":350,"href":"https:\/\/westhealth.com.tr\/tr\/wp-json\/wp\/v2\/pages\/219\/revisions\/350"}],"wp:attachment":[{"href":"https:\/\/westhealth.com.tr\/tr\/wp-json\/wp\/v2\/media?parent=219"}],"curies":[{"name":"wp","href":"https:\/\/api.w.org\/{rel}","templated":true}]}}