{"id":233,"date":"2024-01-22T15:17:35","date_gmt":"2024-01-22T12:17:35","guid":{"rendered":"https:\/\/westhealth.inolyzer.site\/?page_id=233"},"modified":"2024-01-24T11:50:10","modified_gmt":"2024-01-24T08:50:10","slug":"eye-diseases-department","status":"publish","type":"page","link":"https:\/\/westhealth.com.tr\/tr\/eye-diseases-department\/","title":{"rendered":"G\u00f6z Hastal\u0131klar\u0131 B\u00f6l\u00fcm\u00fc"},"content":{"rendered":"<section class=\"wpb-content-wrapper\"><section class=\"vc_section vc_custom_1692082909216 wd-rs-64db22d809ce7 wd-section-stretch\"><div class=\"vc_row wpb_row vc_row-fluid vc_row-o-equal-height vc_row-o-content-middle vc_row-flex wd-rs-64db26326f18d\"><div class=\"wpb_column vc_column_container vc_col-sm-6\"><div class=\"vc_column-inner\"><div class=\"wpb_wrapper\">\t\t\t<link rel=\"stylesheet\" id=\"wd-section-title-css\" href=\"https:\/\/westhealth.com.tr\/wp-content\/themes\/woodmart\/css\/parts\/el-section-title.min.css?ver=7.2.5\" type=\"text\/css\" media=\"all\" \/> \t\t\t\t\t\t<link rel=\"stylesheet\" id=\"wd-mod-highlighted-text-css\" href=\"https:\/\/westhealth.com.tr\/wp-content\/themes\/woodmart\/css\/parts\/mod-highlighted-text.min.css?ver=7.2.5\" type=\"text\/css\" media=\"all\" \/> \t\t\t\n\t\t<div id=\"wd-65ae5c8eed343\" class=\"title-wrapper wd-wpb set-mb-s reset-last-child  wd-rs-65ae5c8eed343 wd-title-color-default wd-title-style-default text-left titles  wd-underline-colored\">\n\t\t\t\t\t\t\t<div class=\"title-subtitle  subtitle-color-default font-default subtitle-style-default wd-font-weight-600 wd-fontsize-xs\">Tedaviler<\/div>\n\t\t\t\n\t\t\t<div class=\"liner-continer\">\n\t\t\t\t<h1 class=\"woodmart-title-container title  wd-font-weight-500 wd-fontsize-l\" >G\u00f6z Hastal\u0131klar\u0131 <strong>B\u00f6l\u00fcm\u00fc<\/strong><\/h1>\n\t\t\t\t\t\t\t<\/div>\n\t\t\t\n\t\t\t\n\t\t\t\n\t\t<\/div>\n\t\t\n\t\t\n\t<div class=\"wpb_text_column wpb_content_element\" >\n\t\t<div class=\"wpb_wrapper\">\n\t\t\t<p>West'in g\u00f6z hastal\u0131klar\u0131 b\u00f6l\u00fcm\u00fc en muhte\u015fem bak\u0131m ve hizmetlere sahiptir. Kendini i\u015fine adam\u0131\u015f g\u00f6z doktorlar\u0131 ve g\u00f6z sa\u011fl\u0131\u011f\u0131 uzmanlar\u0131ndan olu\u015fan ekibimiz, g\u00f6r\u00fc\u015f\u00fcn\u00fcz\u00fc korumaya ve geli\u015ftirmeye kendini adam\u0131\u015ft\u0131r. \u0130ster belirli bir g\u00f6z rahats\u0131zl\u0131\u011f\u0131n\u0131z i\u00e7in tedavi ar\u0131yor olun, ister kapsaml\u0131 bir g\u00f6z bak\u0131m\u0131 ar\u0131yor olun, biz sizin i\u00e7in buraday\u0131z.<\/p>\n\n\t\t<\/div>\n\t<\/div>\n<\/div><\/div><\/div><div class=\"wpb_column vc_column_container vc_col-sm-6\"><div class=\"vc_column-inner\"><div class=\"wpb_wrapper\">\n\t<div  class=\"wpb_single_image wpb_content_element vc_align_center\">\n\t\t\n\t\t<figure class=\"wpb_wrapper vc_figure\">\n\t\t\t<div class=\"vc_single_image-wrapper   vc_box_border_grey\"><img fetchpriority=\"high\" decoding=\"async\" width=\"550\" height=\"550\" src=\"https:\/\/westhealth.com.tr\/wp-content\/uploads\/2024\/01\/eye-diseases-department.jpg\" class=\"vc_single_image-img attachment-full\" alt=\"\" title=\"eye-diseases-department\" srcset=\"https:\/\/westhealth.com.tr\/wp-content\/uploads\/2024\/01\/eye-diseases-department.jpg 550w, https:\/\/westhealth.com.tr\/wp-content\/uploads\/2024\/01\/eye-diseases-department-300x300.jpg 300w, https:\/\/westhealth.com.tr\/wp-content\/uploads\/2024\/01\/eye-diseases-department-150x150.jpg 150w\" sizes=\"(max-width: 550px) 100vw, 550px\" \/><\/div>\n\t\t<\/figure>\n\t<\/div>\n<\/div><\/div><\/div><\/div><div class=\"vc_row wpb_row vc_row-fluid vc_row-o-equal-height vc_row-o-content-middle vc_row-flex wd-rs-64db26326f18d\"><div class=\"wpb_column vc_column_container vc_col-sm-12\"><div class=\"vc_column-inner\"><div class=\"wpb_wrapper\">\n\t<div class=\"wpb_text_column wpb_content_element\" >\n\t\t<div class=\"wpb_wrapper\">\n\t\t\t<h2><strong>Hizmetlerimiz<\/strong><\/h2>\n<ul>\n<li><strong>Kapsaml\u0131 G\u00f6z Muayeneleri<br \/>\n<\/strong>G\u00f6r\u00fc\u015f\u00fcn\u00fcz\u00fc de\u011ferlendirmek ve \u00e7ok \u00e7e\u015fitli g\u00f6z hastal\u0131klar\u0131 ve durumlar\u0131n\u0131 taramak i\u00e7in kapsaml\u0131 g\u00f6z muayeneleri sunuyoruz.<\/li>\n<li><strong>G\u00f6z Hastal\u0131klar\u0131n\u0131n Tedavisi<br \/>\n<\/strong>Deneyimli g\u00f6z doktorlar\u0131m\u0131z glokom, mak\u00fcler dejenerasyon, diyabetik retinopati ve daha fazlas\u0131 dahil olmak \u00fczere \u00e7e\u015fitli g\u00f6z hastal\u0131klar\u0131 i\u00e7in geli\u015fmi\u015f t\u0131bbi ve cerrahi tedaviler sunmaktad\u0131r.<\/li>\n<li><strong>Katarakt Cerrahisi<br \/>\n<\/strong>Katarakt nedeniyle bulan\u0131k g\u00f6rme sorunu ya\u015f\u0131yorsan\u0131z, ekibimiz net g\u00f6r\u00fc\u015f\u00fcn\u00fcz\u00fc geri kazand\u0131rmak i\u00e7in g\u00fcvenli ve etkili katarakt ameliyat\u0131 konusunda uzmanla\u015fm\u0131\u015ft\u0131r.<\/li>\n<li><strong>Kornea Hizmetleri<br \/>\n<\/strong>Kornea naklinden kornea rahats\u0131zl\u0131klar\u0131n\u0131n tedavisine kadar, uzmanlar\u0131m\u0131z korneay\u0131 etkileyen sorunlar\u0131 ele alma konusunda yeteneklidir.<\/li>\n<\/ul>\n\n\t\t<\/div>\n\t<\/div>\n\n\t<div class=\"wpb_text_column wpb_content_element\" >\n\t\t<div class=\"wpb_wrapper\">\n\t\t\t<h2><strong>Koruyucu Kardiyoloji<\/strong><\/h2>\n<p>Y\u00f6netim kurulu sertifikal\u0131 g\u00f6z doktorlar\u0131 ve g\u00f6z sa\u011fl\u0131\u011f\u0131 uzmanlar\u0131ndan olu\u015fan ekibimiz, kendini en y\u00fcksek kalitede bak\u0131m sa\u011flamaya adam\u0131\u015ft\u0131r. Her zaman g\u00f6r\u00fc\u015f\u00fcn\u00fcze ve g\u00f6z sa\u011fl\u0131\u011f\u0131n\u0131za odaklanarak do\u011fru te\u015fhisler ve etkili tedaviler sa\u011flamak i\u00e7in en son teknolojiden yararlan\u0131yoruz.<\/p>\n\n\t\t<\/div>\n\t<\/div>\n\n\t<div class=\"wpb_text_column wpb_content_element\" >\n\t\t<div class=\"wpb_wrapper\">\n\t\t\t<h2><strong>\u00d6zel Programlar<\/strong><\/h2>\n<ul>\n<li><strong>Pediatrik Oftalmoloji<br \/>\n<\/strong>Pediatrik g\u00f6z bak\u0131m\u0131 hizmetlerimiz, \u00e7ocuklar\u0131n benzersiz g\u00f6rme ihtiya\u00e7lar\u0131n\u0131 kar\u015f\u0131lamak ve \u00f6m\u00fcr boyu sa\u011fl\u0131kl\u0131 bir g\u00f6r\u00fc\u015f sa\u011flamak i\u00e7in tasarlanm\u0131\u015ft\u0131r.<\/li>\n<li><strong>Az G\u00f6rme Rehabilitasyonu<br \/>\n<\/strong>G\u00f6rme bozuklu\u011fu olan bireyler i\u00e7in az g\u00f6rme rehabilitasyon program\u0131m\u0131z, i\u015flevsel g\u00f6rmeyi geli\u015ftirmeyi ve ya\u015fam kalitesini art\u0131rmay\u0131 ama\u00e7lamaktad\u0131r.<\/li>\n<\/ul>\n\n\t\t<\/div>\n\t<\/div>\n<\/div><\/div><\/div><\/div><\/section><section class=\"vc_section vc_custom_1691677673691 vc_section-has-fill wd-rs-64d4f3e766220 wd-section-stretch\"><div class=\"vc_row wpb_row vc_row-fluid tedavi-bar vc_row-o-equal-height vc_row-o-content-middle vc_row-flex wd-rs-65ae5b1689e16\"><div class=\"wpb_column vc_column_container vc_col-sm-12\"><div class=\"vc_column-inner\"><div class=\"wpb_wrapper\">\n\t<div class=\"wpb_text_column wpb_content_element\" >\n\t\t<div class=\"wpb_wrapper\">\n\t\t\t<h3>Bize Ula\u015f\u0131n<\/h3>\n<p>M\u00fcmk\u00fcn olan en iyi bak\u0131m\u0131 sunmak i\u00e7in yeni teknolojileri ve tedavi y\u00f6ntemlerini benimseyerek kardiyolojideki geli\u015fmelerin \u00f6n saflar\u0131nda yer al\u0131yoruz.<\/p>\n\n\t\t<\/div>\n\t<\/div>\n\n<div class=\"wpcf7 no-js\" id=\"wpcf7-f6-o1\" lang=\"tr-TR\" dir=\"ltr\">\n<div class=\"screen-reader-response\"><p role=\"status\" aria-live=\"polite\" aria-atomic=\"true\"><\/p> <ul><\/ul><\/div>\n<form action=\"\/tr\/wp-json\/wp\/v2\/pages\/233#wpcf7-f6-o1\" method=\"post\" class=\"wpcf7-form init\" aria-label=\"Contact form\" novalidate=\"novalidate\" data-status=\"init\" data-trp-original-action=\"\/tr\/wp-json\/wp\/v2\/pages\/233#wpcf7-f6-o1\">\n<div style=\"display: none;\">\n<input type=\"hidden\" name=\"_wpcf7\" value=\"6\" \/>\n<input type=\"hidden\" name=\"_wpcf7_version\" value=\"5.8.7\" \/>\n<input type=\"hidden\" name=\"_wpcf7_locale\" value=\"tr_TR\" \/>\n<input type=\"hidden\" name=\"_wpcf7_unit_tag\" value=\"wpcf7-f6-o1\" \/>\n<input type=\"hidden\" name=\"_wpcf7_container_post\" value=\"0\" \/>\n<input type=\"hidden\" name=\"_wpcf7_posted_data_hash\" value=\"\" \/>\n<\/div>\n<div class=\"c_form\">\n\t<div class=\"form-widget\">\n\t\t<p><span class=\"wpcf7-form-control-wrap\" data-name=\"ad\"><input size=\"40\" class=\"wpcf7-form-control wpcf7-text wpcf7-validates-as-required\" aria-required=\"true\" aria-invalid=\"false\" placeholder=\"Ad-Soyad\" value=\"\" type=\"text\" name=\"ad\" \/><\/span>\n\t\t<\/p>\n\t\t<div class=\"form-widget\">\n\t\t\t<p><span class=\"wpcf7-form-control-wrap\" data-name=\"email\"><input size=\"40\" class=\"wpcf7-form-control wpcf7-email wpcf7-text wpcf7-validates-as-email\" aria-invalid=\"false\" placeholder=\"E-Posta\" value=\"\" type=\"email\" name=\"email\" \/><\/span>\n\t\t\t<\/p>\n\t\t\t<div class=\"form-widget\">\n\t\t\t\t<p><span class=\"wpcf7-form-control-wrap\" data-name=\"tel\"><input size=\"40\" class=\"wpcf7-form-control wpcf7-tel wpcf7-validates-as-required wpcf7-text wpcf7-validates-as-tel\" aria-required=\"true\" aria-invalid=\"false\" placeholder=\"Telefon Numaras\u0131\" value=\"\" type=\"tel\" name=\"tel\" \/><\/span>\n\t\t\t\t<\/p>\n\t\t\t\t<div class=\"form-widget\">\n\t\t\t\t\t<p><span class=\"wpcf7-form-control-wrap\" data-name=\"hizmet\"><select class=\"wpcf7-form-control wpcf7-select\" aria-invalid=\"false\" name=\"hizmet\"><option value=\"Choose Service\">Choose Service<\/option><option value=\"Cardiology Department\">Kardiyoloji B\u00f6l\u00fcm\u00fc<\/option><option value=\"West Dental Care Center\">West Di\u015f Bak\u0131m Merkezi<\/option><option value=\"Eye Diseases Department\">G\u00f6z Hastal\u0131klar\u0131 B\u00f6l\u00fcm\u00fc<\/option><option value=\"IVF Department\">T\u00fcp Bebek B\u00f6l\u00fcm\u00fc<\/option><option value=\"Orthopedics Department\">Ortopedi B\u00f6l\u00fcm\u00fc<\/option><option value=\"Gynecological Diseases Department\">Kad\u0131n Hastal\u0131klar\u0131 B\u00f6l\u00fcm\u00fc<\/option><option value=\"Comprehensive General Check-ups for Your Health and Well-being\">Sa\u011fl\u0131\u011f\u0131n\u0131z ve Refah\u0131n\u0131z i\u00e7in Kapsaml\u0131 Genel Kontroller<\/option><option value=\"Schedule Your General Check-up Today\">Genel Kontrol\u00fcn\u00fcz\u00fc Bug\u00fcn Planlay\u0131n<\/option><option value=\"Neurology and Neurosurgery Department\">N\u00f6roloji ve N\u00f6ro\u015fir\u00fcrji B\u00f6l\u00fcm\u00fc<\/option><option value=\"Obesity and Bariatric Surgery Department\">Obezite ve Bariatrik Cerrahi B\u00f6l\u00fcm\u00fc<\/option><\/select><\/span>\n\t\t\t\t\t<\/p>\n\t\t\t\t\t<div class=\"form-widget\">\n\t\t\t\t\t\t<p><span class=\"wpcf7-form-control-wrap\" data-name=\"mesaj\"><textarea cols=\"40\" rows=\"10\" class=\"wpcf7-form-control wpcf7-textarea\" aria-invalid=\"false\" placeholder=\"Mesaj\" name=\"mesaj\"><\/textarea><\/span><br \/>\n<input class=\"wpcf7-form-control wpcf7-submit has-spinner\" type=\"submit\" value=\"G\u00f6nder\" \/>\n\t\t\t\t\t\t<\/p>\n\t\t\t\t\t<\/div>\n\t\t\t\t<\/div>\n\t\t\t<\/div>\n\t\t<\/div>\n\t<\/div>\n<\/div><div class=\"wpcf7-response-output\" aria-hidden=\"true\"><\/div>\n<input type=\"hidden\" name=\"trp-form-language\" value=\"tr\"\/><\/form>\n<\/div>\n<\/div><\/div><\/div><\/div><\/section><section class=\"vc_section\"><div class=\"vc_row wpb_row vc_row-fluid\"><div class=\"wpb_column vc_column_container vc_col-sm-12\"><div class=\"vc_column-inner\"><div class=\"wpb_wrapper\">\n\t<div class=\"wpb_raw_code wpb_content_element wpb_raw_html short_p\" >\n\t\t<div class=\"wpb_wrapper\">\n\t\t\t<div>\u201cT\u00fcrkiye'de \u0130leri Sa\u011fl\u0131k Hizmetleri ve \u00c7\u00f6z\u00fcmleri.\u201d<\/div>\n\t\t<\/div>\n\t<\/div>\n\t\t\t<link rel=\"stylesheet\" id=\"wd-photoswipe-css\" href=\"https:\/\/westhealth.com.tr\/wp-content\/themes\/woodmart\/css\/parts\/lib-photoswipe.min.css?ver=7.2.5\" type=\"text\/css\" media=\"all\" \/> \t\t\t\t\t\t<link rel=\"stylesheet\" id=\"wd-owl-carousel-css\" href=\"https:\/\/westhealth.com.tr\/wp-content\/themes\/woodmart\/css\/parts\/lib-owl-carousel.min.css?ver=7.2.5\" type=\"text\/css\" media=\"all\" \/> \t\t\t\t\t\t<link rel=\"stylesheet\" id=\"wd-image-gallery-css\" href=\"https:\/\/westhealth.com.tr\/wp-content\/themes\/woodmart\/css\/parts\/el-gallery.min.css?ver=7.2.5\" type=\"text\/css\" media=\"all\" \/> \t\t\t\t\t<div id=\"gallery_802\" class=\"wd-images-gallery wd-rs-64ddc696d7510 wd-justify-center wd-items-middle logo-slider view-carousel photoswipe-images wd-carousel-spacing-10 wd-carousel-container\" data-owl-carousel data-wrap=\"no\" data-hide_pagination_control=\"no\" data-hide_prev_next_buttons=\"no\" data-desktop=\"4\" data-tablet_landscape=\"4\" data-tablet=\"3\" data-mobile=\"1\">\n\t\t\t<div class=\"gallery-images owl-carousel wd-owl owl-items-lg-4 owl-items-md-4 owl-items-sm-3 owl-items-xs-1\">\n\t\t\t\t\t\t\t\t\t\t\t\t\t\t\t<div class=\"wd-gallery-item\">\n\t\t\t\t\t\t\t\t\t\t\t\t\t\t<a href=\"https:\/\/westhealth.com.tr\/wp-content\/uploads\/2023\/08\/academic-icon.png\" data-elementor-open-lightbox=\"no\" data-index=\"1\" data-width=\"183\" data-height=\"33\"  >\n\t\t\t\t\t\t\t\t\n\t\t\t\t\t\t\t\t\t\t\t\t\t\t\t\t\t<img decoding=\"async\" width=\"183\" height=\"33\" src=\"https:\/\/westhealth.com.tr\/wp-content\/uploads\/2023\/08\/academic-icon.png\" class=\"wd-gallery-image image-1 attachment-full\" alt=\"\" title=\"academic-icon\" \/>\t\t\t\t\t\t\t\t\n\n\t\t\t\t\t\t\t\t\t\t\t\t\t\t\t<\/a>\n\t\t\t\t\t\t\t\t\t\t\t\t<\/div>\n\t\t\t\t\t\t\t\t\t\t\t<div class=\"wd-gallery-item\">\n\t\t\t\t\t\t\t\t\t\t\t\t\t\t<a href=\"https:\/\/westhealth.com.tr\/wp-content\/uploads\/2023\/08\/acibadem-icon.png\" data-elementor-open-lightbox=\"no\" data-index=\"2\" data-width=\"224\" data-height=\"27\"  >\n\t\t\t\t\t\t\t\t\n\t\t\t\t\t\t\t\t\t\t\t\t\t\t\t\t\t<img decoding=\"async\" width=\"224\" height=\"27\" src=\"https:\/\/westhealth.com.tr\/wp-content\/uploads\/2023\/08\/acibadem-icon.png\" class=\"wd-gallery-image image-2 attachment-full\" alt=\"\" title=\"acibadem-icon\" \/>\t\t\t\t\t\t\t\t\n\n\t\t\t\t\t\t\t\t\t\t\t\t\t\t\t<\/a>\n\t\t\t\t\t\t\t\t\t\t\t\t<\/div>\n\t\t\t\t\t\t\t\t\t\t\t<div class=\"wd-gallery-item\">\n\t\t\t\t\t\t\t\t\t\t\t\t\t\t<a href=\"https:\/\/westhealth.com.tr\/wp-content\/uploads\/2023\/08\/memorial-icon.png\" data-elementor-open-lightbox=\"no\" data-index=\"3\" data-width=\"188\" data-height=\"27\"  >\n\t\t\t\t\t\t\t\t\n\t\t\t\t\t\t\t\t\t\t\t\t\t\t\t\t\t<img loading=\"lazy\" decoding=\"async\" width=\"188\" height=\"27\" src=\"https:\/\/westhealth.com.tr\/wp-content\/uploads\/2023\/08\/memorial-icon.png\" class=\"wd-gallery-image image-3 attachment-full\" alt=\"\" title=\"memorial-icon\" \/>\t\t\t\t\t\t\t\t\n\n\t\t\t\t\t\t\t\t\t\t\t\t\t\t\t<\/a>\n\t\t\t\t\t\t\t\t\t\t\t\t<\/div>\n\t\t\t\t\t\t\t\t\t\t\t<div class=\"wd-gallery-item\">\n\t\t\t\t\t\t\t\t\t\t\t\t\t\t<a href=\"https:\/\/westhealth.com.tr\/wp-content\/uploads\/2023\/08\/liv-icon.png\" data-elementor-open-lightbox=\"no\" data-index=\"4\" data-width=\"75\" data-height=\"39\"  >\n\t\t\t\t\t\t\t\t\n\t\t\t\t\t\t\t\t\t\t\t\t\t\t\t\t\t<img loading=\"lazy\" decoding=\"async\" width=\"75\" height=\"39\" src=\"https:\/\/westhealth.com.tr\/wp-content\/uploads\/2023\/08\/liv-icon.png\" class=\"wd-gallery-image image-4 attachment-full\" alt=\"atlas\" title=\"liv-icon\" \/>\t\t\t\t\t\t\t\t\n\n\t\t\t\t\t\t\t\t\t\t\t\t\t\t\t<\/a>\n\t\t\t\t\t\t\t\t\t\t\t\t<\/div>\n\t\t\t\t\t\t\t\t\t\t\t\t<\/div>\n\t\t<\/div>\n\t\t\t\t<\/div><\/div><\/div><\/div><\/section>\n<\/section>","protected":false},"excerpt":{"rendered":"Treatments Eye Diseases Department Eye diseases department of West has the most spectacular care and services. Our dedicated team of","protected":false},"author":1,"featured_media":0,"parent":0,"menu_order":0,"comment_status":"closed","ping_status":"closed","template":"","meta":{"footnotes":""},"class_list":["post-233","page","type-page","status-publish","hentry"],"_links":{"self":[{"href":"https:\/\/westhealth.com.tr\/tr\/wp-json\/wp\/v2\/pages\/233","targetHints":{"allow":["GET"]}}],"collection":[{"href":"https:\/\/westhealth.com.tr\/tr\/wp-json\/wp\/v2\/pages"}],"about":[{"href":"https:\/\/westhealth.com.tr\/tr\/wp-json\/wp\/v2\/types\/page"}],"author":[{"embeddable":true,"href":"https:\/\/westhealth.com.tr\/tr\/wp-json\/wp\/v2\/users\/1"}],"replies":[{"embeddable":true,"href":"https:\/\/westhealth.com.tr\/tr\/wp-json\/wp\/v2\/comments?post=233"}],"version-history":[{"count":5,"href":"https:\/\/westhealth.com.tr\/tr\/wp-json\/wp\/v2\/pages\/233\/revisions"}],"predecessor-version":[{"id":341,"href":"https:\/\/westhealth.com.tr\/tr\/wp-json\/wp\/v2\/pages\/233\/revisions\/341"}],"wp:attachment":[{"href":"https:\/\/westhealth.com.tr\/tr\/wp-json\/wp\/v2\/media?parent=233"}],"curies":[{"name":"wp","href":"https:\/\/api.w.org\/{rel}","templated":true}]}}