{"id":254,"date":"2024-01-22T16:05:23","date_gmt":"2024-01-22T13:05:23","guid":{"rendered":"https:\/\/westhealth.inolyzer.site\/?page_id=254"},"modified":"2024-01-24T11:54:53","modified_gmt":"2024-01-24T08:54:53","slug":"obesity-and-bariatric-surgery-department","status":"publish","type":"page","link":"https:\/\/westhealth.com.tr\/tr\/obesity-and-bariatric-surgery-department\/","title":{"rendered":"Obezite ve Bariatrik Cerrahi B\u00f6l\u00fcm\u00fc"},"content":{"rendered":"<section class=\"wpb-content-wrapper\"><section class=\"vc_section vc_custom_1692082909216 wd-rs-64db22d809ce7 wd-section-stretch\"><div class=\"vc_row wpb_row vc_row-fluid vc_row-o-equal-height vc_row-o-content-middle vc_row-flex wd-rs-64db26326f18d\"><div class=\"wpb_column vc_column_container vc_col-sm-6\"><div class=\"vc_column-inner\"><div class=\"wpb_wrapper\">\t\t\t<link rel=\"stylesheet\" id=\"wd-section-title-css\" href=\"https:\/\/westhealth.com.tr\/wp-content\/themes\/woodmart\/css\/parts\/el-section-title.min.css?ver=7.2.5\" type=\"text\/css\" media=\"all\" \/> \t\t\t\t\t\t<link rel=\"stylesheet\" id=\"wd-mod-highlighted-text-css\" href=\"https:\/\/westhealth.com.tr\/wp-content\/themes\/woodmart\/css\/parts\/mod-highlighted-text.min.css?ver=7.2.5\" type=\"text\/css\" media=\"all\" \/> \t\t\t\n\t\t<div id=\"wd-65ae67951fb96\" class=\"title-wrapper wd-wpb set-mb-s reset-last-child  wd-rs-65ae67951fb96 wd-title-color-default wd-title-style-default text-left titles  wd-underline-colored\">\n\t\t\t\t\t\t\t<div class=\"title-subtitle  subtitle-color-default font-default subtitle-style-default wd-font-weight-600 wd-fontsize-xs\">Tedaviler<\/div>\n\t\t\t\n\t\t\t<div class=\"liner-continer\">\n\t\t\t\t<h1 class=\"woodmart-title-container title  wd-font-weight-500 wd-fontsize-l\" >Obezite ve Bariatrik Cerrahi <strong>B\u00f6l\u00fcm\u00fc<\/strong><\/h1>\n\t\t\t\t\t\t\t<\/div>\n\t\t\t\n\t\t\t\n\t\t\t\n\t\t<\/div>\n\t\t\n\t\t\n\t<div class=\"wpb_text_column wpb_content_element\" >\n\t\t<div class=\"wpb_wrapper\">\n\t\t\t<p>West Health Obezite ve Bariatrik Cerrahi B\u00f6l\u00fcm\u00fc, bireyleri kal\u0131c\u0131 kilo y\u00f6netimi ve daha iyi sa\u011fl\u0131k elde etme yolculuklar\u0131nda desteklemeye kendini adam\u0131\u015ft\u0131r. Deneyimli bariatrik cerrahlar ve kilo y\u00f6netimi uzmanlar\u0131ndan olu\u015fan multidisipliner ekibimiz, her hastan\u0131n kendine \u00f6zg\u00fc ihtiya\u00e7lar\u0131na g\u00f6re uyarlanm\u0131\u015f kapsaml\u0131 bak\u0131m sa\u011flamay\u0131 taahh\u00fct eder.<\/p>\n\n\t\t<\/div>\n\t<\/div>\n<\/div><\/div><\/div><div class=\"wpb_column vc_column_container vc_col-sm-6\"><div class=\"vc_column-inner\"><div class=\"wpb_wrapper\">\n\t<div  class=\"wpb_single_image wpb_content_element vc_align_center\">\n\t\t\n\t\t<figure class=\"wpb_wrapper vc_figure\">\n\t\t\t<div class=\"vc_single_image-wrapper   vc_box_border_grey\"><img fetchpriority=\"high\" decoding=\"async\" width=\"550\" height=\"550\" src=\"https:\/\/westhealth.com.tr\/wp-content\/uploads\/2024\/01\/obesity-and-bariatric.jpg\" class=\"vc_single_image-img attachment-full\" alt=\"\" title=\"obesity-and-bariatric\" srcset=\"https:\/\/westhealth.com.tr\/wp-content\/uploads\/2024\/01\/obesity-and-bariatric.jpg 550w, https:\/\/westhealth.com.tr\/wp-content\/uploads\/2024\/01\/obesity-and-bariatric-300x300.jpg 300w, https:\/\/westhealth.com.tr\/wp-content\/uploads\/2024\/01\/obesity-and-bariatric-150x150.jpg 150w\" sizes=\"(max-width: 550px) 100vw, 550px\" \/><\/div>\n\t\t<\/figure>\n\t<\/div>\n<\/div><\/div><\/div><\/div><div class=\"vc_row wpb_row vc_row-fluid vc_row-o-equal-height vc_row-o-content-middle vc_row-flex wd-rs-64db26326f18d\"><div class=\"wpb_column vc_column_container vc_col-sm-12\"><div class=\"vc_column-inner\"><div class=\"wpb_wrapper\">\n\t<div class=\"wpb_text_column wpb_content_element\" >\n\t\t<div class=\"wpb_wrapper\">\n\t\t\t<h2><strong>Obezite Y\u00f6netimi Hizmetleri<\/strong><\/h2>\n<ul>\n<li><strong>T\u0131bbi Kilo Y\u00f6netimi<br \/>\n<\/strong>Ekibimiz, bireylerin s\u00fcrd\u00fcr\u00fclebilir kilo kayb\u0131na ula\u015fmalar\u0131na yard\u0131mc\u0131 olmak i\u00e7in beslenme dan\u0131\u015fmanl\u0131\u011f\u0131, fiziksel aktivite rehberli\u011fi ve davran\u0131\u015fsal destek i\u00e7eren ki\u015fiselle\u015ftirilmi\u015f t\u0131bbi kilo y\u00f6netimi programlar\u0131 sunmaktad\u0131r.<\/li>\n<li><strong>Metabolik ve Beslenme De\u011ferlendirmesi<br \/>\n<\/strong>Kiloyu etkileyen bireysel fakt\u00f6rleri anlamak i\u00e7in kapsaml\u0131 metabolik ve beslenme de\u011ferlendirmeleri yap\u0131yoruz ve ki\u015fiselle\u015ftirilmi\u015f tedavi planlar\u0131na olanak sa\u011fl\u0131yoruz.<\/li>\n<li><strong>Ya\u015fam Tarz\u0131 De\u011fi\u015fikli\u011fi Programlar\u0131<br \/>\n<\/strong>Programlar\u0131m\u0131z, bireyleri s\u00fcrd\u00fcr\u00fclebilir ya\u015fam tarz\u0131 de\u011fi\u015fiklikleri yapmalar\u0131 i\u00e7in g\u00fc\u00e7lendirmeye, uzun vadeli sa\u011fl\u0131k ve refah\u0131 te\u015fvik etmeye odaklanmaktad\u0131r.<\/li>\n<\/ul>\n\n\t\t<\/div>\n\t<\/div>\n\n\t<div class=\"wpb_text_column wpb_content_element\" >\n\t\t<div class=\"wpb_wrapper\">\n\t\t\t<h2><strong>Bariatrik Cerrahi Hizmetleri<\/strong><\/h2>\n<ul>\n<li><strong>Gastrik Bypass<br \/>\n<\/strong>Deneyimli bariatrik cerrahlar\u0131m\u0131z mide boyutunu k\u00fc\u00e7\u00fcltmek ve sindirim s\u00fcrecini de\u011fi\u015ftirmek i\u00e7in gastrik bypass prosed\u00fcrleri uygulayarak \u00f6nemli \u00f6l\u00e7\u00fcde kilo kayb\u0131na yol a\u00e7ar.<\/li>\n<li><strong>Sleeve Gastrektomi<br \/>\n<\/strong>G\u0131da al\u0131m\u0131n\u0131 s\u0131n\u0131rlamak ve kilo kayb\u0131n\u0131 desteklemek i\u00e7in midenin boyutunu k\u00fc\u00e7\u00fcltmeyi i\u00e7eren minimal invaziv bir prosed\u00fcr olan t\u00fcp mide ameliyat\u0131 sunuyoruz.<\/li>\n<li><strong>Ayarlanabilir Mide Band\u0131<br \/>\n<\/strong>Baz\u0131 hastalar i\u00e7in ayarlanabilir mide band\u0131 uygun bir se\u00e7enektir ve mide etraf\u0131na yerle\u015ftirilen bir bant arac\u0131l\u0131\u011f\u0131yla g\u0131da al\u0131m\u0131n\u0131n k\u0131s\u0131tlanmas\u0131n\u0131 sa\u011flar.<\/li>\n<\/ul>\n\n\t\t<\/div>\n\t<\/div>\n\n\t<div class=\"wpb_text_column wpb_content_element\" >\n\t\t<div class=\"wpb_wrapper\">\n\t\t\t<h2><strong>Koruyucu Kardiyoloji<\/strong><\/h2>\n<p>Ekibimiz, b\u00fct\u00fcnsel ve \u015fefkatli bak\u0131m sa\u011flamak i\u00e7in birlikte \u00e7al\u0131\u015fan kurul sertifikal\u0131 bariatrik cerrahlar, diyetisyenler, psikologlar ve destek personelinden olu\u015fmaktad\u0131r. Kilo y\u00f6netiminin zorluklar\u0131n\u0131 anl\u0131yoruz ve her ad\u0131mda size destek olmak i\u00e7in buraday\u0131z.<\/p>\n\n\t\t<\/div>\n\t<\/div>\n\n\t<div class=\"wpb_text_column wpb_content_element\" >\n\t\t<div class=\"wpb_wrapper\">\n\t\t\t<h2><strong>\u00d6zel Programlar<\/strong><\/h2>\n<ul>\n<li><strong>Ameliyat \u00d6ncesi ve Sonras\u0131 Destek<br \/>\n<\/strong>Kapsaml\u0131 yakla\u015f\u0131m\u0131m\u0131z, ameliyat \u00f6ncesi e\u011fitim ve dan\u0131\u015fmanl\u0131\u011f\u0131n yan\u0131 s\u0131ra sonu\u00e7lar\u0131 optimize etmek i\u00e7in ameliyat sonras\u0131 s\u00fcrekli deste\u011fi de i\u00e7erir.<\/li>\n<li><strong>Ya\u015fam Tarz\u0131 Ko\u00e7lu\u011fu<br \/>\n<\/strong>Ekibimiz, bireylerin kilo vermenin fiziksel ve duygusal y\u00f6nlerinde yol almalar\u0131na yard\u0131mc\u0131 olmak, g\u0131da ve v\u00fccutla sa\u011fl\u0131kl\u0131 bir ili\u015fki kurmalar\u0131n\u0131 te\u015fvik etmek i\u00e7in ya\u015fam tarz\u0131 ko\u00e7lu\u011fu sunmaktad\u0131r.<\/li>\n<\/ul>\n\n\t\t<\/div>\n\t<\/div>\n<\/div><\/div><\/div><\/div><\/section><section class=\"vc_section vc_custom_1691677673691 vc_section-has-fill wd-rs-64d4f3e766220 wd-section-stretch\"><div class=\"vc_row wpb_row vc_row-fluid tedavi-bar vc_row-o-equal-height vc_row-o-content-middle vc_row-flex wd-rs-65ae5b1689e16\"><div class=\"wpb_column vc_column_container vc_col-sm-12\"><div class=\"vc_column-inner\"><div class=\"wpb_wrapper\">\n\t<div class=\"wpb_text_column wpb_content_element\" >\n\t\t<div class=\"wpb_wrapper\">\n\t\t\t<h3>Bize Ula\u015f\u0131n<\/h3>\n<p>M\u00fcmk\u00fcn olan en iyi bak\u0131m\u0131 sunmak i\u00e7in yeni teknolojileri ve tedavi y\u00f6ntemlerini benimseyerek kardiyolojideki geli\u015fmelerin \u00f6n saflar\u0131nda yer al\u0131yoruz.<\/p>\n\n\t\t<\/div>\n\t<\/div>\n\n<div class=\"wpcf7 no-js\" id=\"wpcf7-f6-o1\" lang=\"tr-TR\" dir=\"ltr\">\n<div class=\"screen-reader-response\"><p role=\"status\" aria-live=\"polite\" aria-atomic=\"true\"><\/p> <ul><\/ul><\/div>\n<form action=\"\/tr\/wp-json\/wp\/v2\/pages\/254#wpcf7-f6-o1\" method=\"post\" class=\"wpcf7-form init\" aria-label=\"Contact form\" novalidate=\"novalidate\" data-status=\"init\" data-trp-original-action=\"\/tr\/wp-json\/wp\/v2\/pages\/254#wpcf7-f6-o1\">\n<div style=\"display: none;\">\n<input type=\"hidden\" name=\"_wpcf7\" value=\"6\" \/>\n<input type=\"hidden\" name=\"_wpcf7_version\" value=\"5.8.7\" \/>\n<input type=\"hidden\" name=\"_wpcf7_locale\" value=\"tr_TR\" \/>\n<input type=\"hidden\" name=\"_wpcf7_unit_tag\" value=\"wpcf7-f6-o1\" \/>\n<input type=\"hidden\" name=\"_wpcf7_container_post\" value=\"0\" \/>\n<input type=\"hidden\" name=\"_wpcf7_posted_data_hash\" value=\"\" \/>\n<\/div>\n<div class=\"c_form\">\n\t<div class=\"form-widget\">\n\t\t<p><span class=\"wpcf7-form-control-wrap\" data-name=\"ad\"><input size=\"40\" class=\"wpcf7-form-control wpcf7-text wpcf7-validates-as-required\" aria-required=\"true\" aria-invalid=\"false\" placeholder=\"Ad-Soyad\" value=\"\" type=\"text\" name=\"ad\" \/><\/span>\n\t\t<\/p>\n\t\t<div class=\"form-widget\">\n\t\t\t<p><span class=\"wpcf7-form-control-wrap\" data-name=\"email\"><input size=\"40\" class=\"wpcf7-form-control wpcf7-email wpcf7-text wpcf7-validates-as-email\" aria-invalid=\"false\" placeholder=\"E-Posta\" value=\"\" type=\"email\" name=\"email\" \/><\/span>\n\t\t\t<\/p>\n\t\t\t<div class=\"form-widget\">\n\t\t\t\t<p><span class=\"wpcf7-form-control-wrap\" data-name=\"tel\"><input size=\"40\" class=\"wpcf7-form-control wpcf7-tel wpcf7-validates-as-required wpcf7-text wpcf7-validates-as-tel\" aria-required=\"true\" aria-invalid=\"false\" placeholder=\"Telefon Numaras\u0131\" value=\"\" type=\"tel\" name=\"tel\" \/><\/span>\n\t\t\t\t<\/p>\n\t\t\t\t<div class=\"form-widget\">\n\t\t\t\t\t<p><span class=\"wpcf7-form-control-wrap\" data-name=\"hizmet\"><select class=\"wpcf7-form-control wpcf7-select\" aria-invalid=\"false\" name=\"hizmet\"><option value=\"Choose Service\">Choose Service<\/option><option value=\"Cardiology Department\">Kardiyoloji B\u00f6l\u00fcm\u00fc<\/option><option value=\"West Dental Care Center\">West Di\u015f Bak\u0131m Merkezi<\/option><option value=\"Eye Diseases Department\">G\u00f6z Hastal\u0131klar\u0131 B\u00f6l\u00fcm\u00fc<\/option><option value=\"IVF Department\">T\u00fcp Bebek B\u00f6l\u00fcm\u00fc<\/option><option value=\"Orthopedics Department\">Ortopedi B\u00f6l\u00fcm\u00fc<\/option><option value=\"Gynecological Diseases Department\">Kad\u0131n Hastal\u0131klar\u0131 B\u00f6l\u00fcm\u00fc<\/option><option value=\"Comprehensive General Check-ups for Your Health and Well-being\">Sa\u011fl\u0131\u011f\u0131n\u0131z ve Refah\u0131n\u0131z i\u00e7in Kapsaml\u0131 Genel Kontroller<\/option><option value=\"Schedule Your General Check-up Today\">Genel Kontrol\u00fcn\u00fcz\u00fc Bug\u00fcn Planlay\u0131n<\/option><option value=\"Neurology and Neurosurgery Department\">N\u00f6roloji ve N\u00f6ro\u015fir\u00fcrji B\u00f6l\u00fcm\u00fc<\/option><option value=\"Obesity and Bariatric Surgery Department\">Obezite ve Bariatrik Cerrahi B\u00f6l\u00fcm\u00fc<\/option><\/select><\/span>\n\t\t\t\t\t<\/p>\n\t\t\t\t\t<div class=\"form-widget\">\n\t\t\t\t\t\t<p><span class=\"wpcf7-form-control-wrap\" data-name=\"mesaj\"><textarea cols=\"40\" rows=\"10\" class=\"wpcf7-form-control wpcf7-textarea\" aria-invalid=\"false\" placeholder=\"Mesaj\" name=\"mesaj\"><\/textarea><\/span><br \/>\n<input class=\"wpcf7-form-control wpcf7-submit has-spinner\" type=\"submit\" value=\"G\u00f6nder\" \/>\n\t\t\t\t\t\t<\/p>\n\t\t\t\t\t<\/div>\n\t\t\t\t<\/div>\n\t\t\t<\/div>\n\t\t<\/div>\n\t<\/div>\n<\/div><div class=\"wpcf7-response-output\" aria-hidden=\"true\"><\/div>\n<input type=\"hidden\" name=\"trp-form-language\" value=\"tr\"\/><\/form>\n<\/div>\n<\/div><\/div><\/div><\/div><\/section><section class=\"vc_section\"><div class=\"vc_row wpb_row vc_row-fluid\"><div class=\"wpb_column vc_column_container vc_col-sm-12\"><div class=\"vc_column-inner\"><div class=\"wpb_wrapper\">\n\t<div class=\"wpb_raw_code wpb_content_element wpb_raw_html short_p\" >\n\t\t<div class=\"wpb_wrapper\">\n\t\t\t<div>\u201cT\u00fcrkiye'de \u0130leri Sa\u011fl\u0131k Hizmetleri ve \u00c7\u00f6z\u00fcmleri.\u201d<\/div>\n\t\t<\/div>\n\t<\/div>\n\t\t\t<link rel=\"stylesheet\" id=\"wd-photoswipe-css\" href=\"https:\/\/westhealth.com.tr\/wp-content\/themes\/woodmart\/css\/parts\/lib-photoswipe.min.css?ver=7.2.5\" type=\"text\/css\" media=\"all\" \/> \t\t\t\t\t\t<link rel=\"stylesheet\" id=\"wd-owl-carousel-css\" href=\"https:\/\/westhealth.com.tr\/wp-content\/themes\/woodmart\/css\/parts\/lib-owl-carousel.min.css?ver=7.2.5\" type=\"text\/css\" media=\"all\" \/> \t\t\t\t\t\t<link rel=\"stylesheet\" id=\"wd-image-gallery-css\" href=\"https:\/\/westhealth.com.tr\/wp-content\/themes\/woodmart\/css\/parts\/el-gallery.min.css?ver=7.2.5\" type=\"text\/css\" media=\"all\" \/> \t\t\t\t\t<div id=\"gallery_211\" class=\"wd-images-gallery wd-rs-64ddc696d7510 wd-justify-center wd-items-middle logo-slider view-carousel photoswipe-images wd-carousel-spacing-10 wd-carousel-container\" data-owl-carousel data-wrap=\"no\" data-hide_pagination_control=\"no\" data-hide_prev_next_buttons=\"no\" data-desktop=\"4\" data-tablet_landscape=\"4\" data-tablet=\"3\" data-mobile=\"1\">\n\t\t\t<div class=\"gallery-images owl-carousel wd-owl owl-items-lg-4 owl-items-md-4 owl-items-sm-3 owl-items-xs-1\">\n\t\t\t\t\t\t\t\t\t\t\t\t\t\t\t<div class=\"wd-gallery-item\">\n\t\t\t\t\t\t\t\t\t\t\t\t\t\t<a href=\"https:\/\/westhealth.com.tr\/wp-content\/uploads\/2023\/08\/academic-icon.png\" data-elementor-open-lightbox=\"no\" data-index=\"1\" data-width=\"183\" data-height=\"33\"  >\n\t\t\t\t\t\t\t\t\n\t\t\t\t\t\t\t\t\t\t\t\t\t\t\t\t\t<img decoding=\"async\" width=\"183\" height=\"33\" src=\"https:\/\/westhealth.com.tr\/wp-content\/uploads\/2023\/08\/academic-icon.png\" class=\"wd-gallery-image image-1 attachment-full\" alt=\"\" title=\"academic-icon\" \/>\t\t\t\t\t\t\t\t\n\n\t\t\t\t\t\t\t\t\t\t\t\t\t\t\t<\/a>\n\t\t\t\t\t\t\t\t\t\t\t\t<\/div>\n\t\t\t\t\t\t\t\t\t\t\t<div class=\"wd-gallery-item\">\n\t\t\t\t\t\t\t\t\t\t\t\t\t\t<a href=\"https:\/\/westhealth.com.tr\/wp-content\/uploads\/2023\/08\/acibadem-icon.png\" data-elementor-open-lightbox=\"no\" data-index=\"2\" data-width=\"224\" data-height=\"27\"  >\n\t\t\t\t\t\t\t\t\n\t\t\t\t\t\t\t\t\t\t\t\t\t\t\t\t\t<img decoding=\"async\" width=\"224\" height=\"27\" src=\"https:\/\/westhealth.com.tr\/wp-content\/uploads\/2023\/08\/acibadem-icon.png\" class=\"wd-gallery-image image-2 attachment-full\" alt=\"\" title=\"acibadem-icon\" \/>\t\t\t\t\t\t\t\t\n\n\t\t\t\t\t\t\t\t\t\t\t\t\t\t\t<\/a>\n\t\t\t\t\t\t\t\t\t\t\t\t<\/div>\n\t\t\t\t\t\t\t\t\t\t\t<div class=\"wd-gallery-item\">\n\t\t\t\t\t\t\t\t\t\t\t\t\t\t<a href=\"https:\/\/westhealth.com.tr\/wp-content\/uploads\/2023\/08\/memorial-icon.png\" data-elementor-open-lightbox=\"no\" data-index=\"3\" data-width=\"188\" data-height=\"27\"  >\n\t\t\t\t\t\t\t\t\n\t\t\t\t\t\t\t\t\t\t\t\t\t\t\t\t\t<img loading=\"lazy\" decoding=\"async\" width=\"188\" height=\"27\" src=\"https:\/\/westhealth.com.tr\/wp-content\/uploads\/2023\/08\/memorial-icon.png\" class=\"wd-gallery-image image-3 attachment-full\" alt=\"\" title=\"memorial-icon\" \/>\t\t\t\t\t\t\t\t\n\n\t\t\t\t\t\t\t\t\t\t\t\t\t\t\t<\/a>\n\t\t\t\t\t\t\t\t\t\t\t\t<\/div>\n\t\t\t\t\t\t\t\t\t\t\t<div class=\"wd-gallery-item\">\n\t\t\t\t\t\t\t\t\t\t\t\t\t\t<a href=\"https:\/\/westhealth.com.tr\/wp-content\/uploads\/2023\/08\/liv-icon.png\" data-elementor-open-lightbox=\"no\" data-index=\"4\" data-width=\"75\" data-height=\"39\"  >\n\t\t\t\t\t\t\t\t\n\t\t\t\t\t\t\t\t\t\t\t\t\t\t\t\t\t<img loading=\"lazy\" decoding=\"async\" width=\"75\" height=\"39\" src=\"https:\/\/westhealth.com.tr\/wp-content\/uploads\/2023\/08\/liv-icon.png\" class=\"wd-gallery-image image-4 attachment-full\" alt=\"atlas\" title=\"liv-icon\" \/>\t\t\t\t\t\t\t\t\n\n\t\t\t\t\t\t\t\t\t\t\t\t\t\t\t<\/a>\n\t\t\t\t\t\t\t\t\t\t\t\t<\/div>\n\t\t\t\t\t\t\t\t\t\t\t\t<\/div>\n\t\t<\/div>\n\t\t\t\t<\/div><\/div><\/div><\/div><\/section>\n<\/section>","protected":false},"excerpt":{"rendered":"Treatments Obesity and Bariatric Surgery Department West Health Obesity and Bariatric Surgery Department is dedicated to supporting individuals on their","protected":false},"author":1,"featured_media":0,"parent":0,"menu_order":0,"comment_status":"closed","ping_status":"closed","template":"","meta":{"footnotes":""},"class_list":["post-254","page","type-page","status-publish","hentry"],"_links":{"self":[{"href":"https:\/\/westhealth.com.tr\/tr\/wp-json\/wp\/v2\/pages\/254","targetHints":{"allow":["GET"]}}],"collection":[{"href":"https:\/\/westhealth.com.tr\/tr\/wp-json\/wp\/v2\/pages"}],"about":[{"href":"https:\/\/westhealth.com.tr\/tr\/wp-json\/wp\/v2\/types\/page"}],"author":[{"embeddable":true,"href":"https:\/\/westhealth.com.tr\/tr\/wp-json\/wp\/v2\/users\/1"}],"replies":[{"embeddable":true,"href":"https:\/\/westhealth.com.tr\/tr\/wp-json\/wp\/v2\/comments?post=254"}],"version-history":[{"count":3,"href":"https:\/\/westhealth.com.tr\/tr\/wp-json\/wp\/v2\/pages\/254\/revisions"}],"predecessor-version":[{"id":349,"href":"https:\/\/westhealth.com.tr\/tr\/wp-json\/wp\/v2\/pages\/254\/revisions\/349"}],"wp:attachment":[{"href":"https:\/\/westhealth.com.tr\/tr\/wp-json\/wp\/v2\/media?parent=254"}],"curies":[{"name":"wp","href":"https:\/\/api.w.org\/{rel}","templated":true}]}}